{"id":1614,"date":"2024-04-25T08:53:45","date_gmt":"2024-04-25T08:53:45","guid":{"rendered":"https:\/\/rohdenielsen2.wpenginepowered.com\/omkring\/"},"modified":"2024-11-27T11:44:03","modified_gmt":"2024-11-27T11:44:03","slug":"om","status":"publish","type":"page","link":"https:\/\/rohde-nielsen.com\/da\/om\/","title":{"rendered":"Om"},"content":{"rendered":"<section class=\"hero \">\r\n  <div class=\"hero__bg\" \r\n    id=\"herovideo\"\r\n    data-video-id=\"\">\r\n    <div class=\"imageBg\">\r\n      <div class=\"lazy\" data-bg=\"https:\/\/rohde-nielsen.com\/wp-content\/uploads\/2024\/05\/Hero-_-Module-5.png\"><\/div>\r\n    <\/div>\r\n    <div class=\"imageBg mobile\">\r\n      <div class=\"lazy\" data-bg=\"https:\/\/rohde-nielsen.com\/wp-content\/uploads\/2024\/05\/CM-mobile.jpg\"><\/div>\r\n    <\/div>\r\n  <\/div>\r\n  <div class=\"container\">\r\n    <div class=\"hero__text hero__text--left\">\r\n      <div>\r\n        <h1>Vi viser vejen til s\u00f8s<\/h1><p class=\"hero__description\">Rohde Nielsen er din foretrukne marineentrepren\u00f8r. N\u00e5r projekter bliver komplekse, er vi der til at styre dem i den rigtige retning.<\/p>      <\/div>\r\n    <\/div>\r\n    <button class=\"scroll\">Rul<\/button>\r\n  <\/div>\r\n<\/section>\r\n\n\n<section\r\n  class=\"module textContent \r\n  smallerLeftText\">\r\n  <div class=\"container slim\">\r\n        <div class=\"text\">\r\n      <h2>Arbejdet p\u00e5 havet<br \/>\ner vores<br \/>\nkernekompetence<\/h2>\n    <\/div>\r\n    <div class=\"text\"><p>Vores kompetencer bygger p\u00e5 \u00e5rtiers ekspertise og et mindset, der er videref\u00f8rt gennem generationer. Selv n\u00e5r det er udfordrende, leverer vi altid til tiden, inden for budgettet og efter de g\u00e6ldende sikkerhedsstandarder. Det g\u00f8r vi for at sikre vores kunders fulde tilfredshed og for at tage hensyn til de havmilj\u00f8er, vi arbejder med.<\/p>\n<\/div>  <\/div>\r\n<\/section>\n\n<section class=\"theVideo\" data-video-id=\"943616790\">\r\n  <div class=\"videoBackground\" id=\"69e19d69a25b3\"><\/div>\r\n  <div class=\"video\" id=\"69e19d69a25b5\"><\/div>\r\n  <div class=\"theVideo__text\">\r\n    <div class=\"container slim\">\r\n      <h2>Safeguarding Tomorrow<\/h2>\r\n      <div class=\"theVideo__play\">\r\n        <span><\/span>\r\n      <\/div>\r\n    <\/div>\r\n  <\/div>\r\n<\/section>\n\n<section class=\"module imageAndText bgWhite\">\r\n  <div class=\"container\">\r\n      <figure class=\"imageAndText__image\">\r\n      <img\r\n        class=\"lazy\"\r\n        data-src=\"https:\/\/rohde-nielsen.com\/wp-content\/uploads\/2024\/08\/Heritage-billede-enlarged.jpg\"\r\n        data-srcset=\"https:\/\/rohde-nielsen.com\/wp-content\/uploads\/2024\/08\/Heritage-billede-enlarged.jpg 460w, https:\/\/rohde-nielsen.com\/wp-content\/uploads\/2024\/08\/Heritage-billede-enlarged.jpg\" data-sizes=\"(max-width: 500px) 460px, (min-width: 501px) 100vw\"        alt=\"\"\r\n      \/>\r\n    <\/figure>\r\n        <div class=\"imageAndText__text\">\r\n      <div>\n<h2><b>Vores rejse<\/b><\/h2>\n<\/div>\n<div>\n<p>Med en stor passion for arbejdet til s\u00f8s grundlagde Jens Rohde Nielsen virksomheden i 1968 med blot et enkelt skib, M\/S Amanda. Kun to \u00e5r senere begav vi os ud p\u00e5 nye farvande ud for Englands kyst i vores f\u00f8rste internationale eventyr, som lagde grundlaget for verdens f\u00f8rste, station\u00e6re bemandede offshore fyrt\u00e5rn, Royal Sovereign.<\/p>\n<p>Herfra gik det st\u00e6rkt, og vi voksede til at v\u00e6re \u00e9n af de f\u00f8rende virksomheder inden for marineentrepren\u00f8rarbejde. I 2002 overtog Jeanette Rohde rollen som administrerende direkt\u00f8r og f\u00f8rte Rohde Nielsens arv og str\u00e6ben efter perfektion videre p\u00e5 globalt plan.<\/p>\n<p>I dag driver vi en stor fl\u00e5de af specialiserede og alsidige enheder, og vi er stolte af vores organisation af kompetente og innovative mennesker, der deler den samme dedikation som vores grundl\u00e6gger.<\/p>\n<\/div>\n    <\/div>\r\n  <\/div>\r\n<\/section>\n\n<section\r\n  class=\"module textContent \r\n  smallerLeftText\">\r\n  <div class=\"container slim\">\r\n        <div class=\"textContent__bg\">\r\n      <lottie-player\r\n        src=\"https:\/\/rohde-nielsen.com\/wp-content\/uploads\/2024\/05\/web-breaker.json\"\r\n        background=\"transparent\"\r\n        speed=\"1\"\r\n        class=\"lottie\"\r\n        loop\r\n        autoplay\r\n      >\r\n      <\/lottie-player>\r\n    <\/div>\r\n        <div class=\"text\">\r\n      <h2><b>Fra erfaring til ekspertise<\/b><\/h2>\n<p>&nbsp;<\/p>\n<p>&nbsp;<\/p>\n<p>&nbsp;<\/p>\n<p>&nbsp;<\/p>\n<p>&nbsp;<\/p>\n    <\/div>\r\n    <div class=\"text\"><p>Mens vores fl\u00e5de, arbejdsstyrke og ekspertise vokser, er vores passion stadig den samme: At v\u00e6re hands-on og l\u00f8se komplekse marineprojekter til gavn for mennesker p\u00e5 hele kloden. Det er s\u00e5dan, vi altid har gjort, og forts\u00e6tter med at g\u00f8re, n\u00e5r vi sejler ud for at sikre fremtiden.<\/p>\n<p>&nbsp;<\/p>\n<p>&nbsp;<\/p>\n<p>&nbsp;<\/p>\n<p>&nbsp;<\/p>\n<\/div>  <\/div>\r\n<\/section>\n\n<section class=\"module imageAndText bgSand flip\">\r\n  <div class=\"container\">\r\n      <figure class=\"imageAndText__image\">\r\n      <img\r\n        class=\"lazy\"\r\n        data-src=\"https:\/\/rohde-nielsen.com\/wp-content\/uploads\/2024\/05\/imagetext.png\"\r\n                alt=\"\"\r\n      \/>\r\n    <\/figure>\r\n        <div class=\"imageAndText__text\">\r\n      <h2>Vi st\u00e5r altid klar<\/h2>\n<p>Uanset projektet, har vi en enhed, der kan l\u00f8fte opgaven. Vores voksende fl\u00e5de opereres af dedikerede og passionerede medarbejdere og er specialdesignet til at reducere vores milj\u00f8p\u00e5virkning. Sammen st\u00e5r de klar til at l\u00f8fte enhver opgave.<\/p>\n<a href=\"https:\/\/rohde-nielsen.com\/da\/flaade\/\"class=\"cta-link\" >Udforsk vores fl\u00e5de<\/a>    <\/div>\r\n  <\/div>\r\n<\/section>\n\n<section class=\"module imageAndText bgWhite\">\r\n  <div class=\"container\">\r\n      <figure class=\"imageAndText__image\">\r\n      <img\r\n        class=\"lazy\"\r\n        data-src=\"https:\/\/rohde-nielsen.com\/wp-content\/uploads\/2024\/05\/manrain.png\"\r\n                alt=\"\"\r\n      \/>\r\n    <\/figure>\r\n        <div class=\"imageAndText__text\">\r\n      <h2>Vi g\u00e5r altid den ekstra mil<\/h2>\n<p>Uanset om vi udf\u00f8rer kystsikring, landindvinding, havneudvikling eller offshore aktiviteter, yder vores team altid en ekstra indsats for at f\u00e5 arbejdet udf\u00f8rt sikkert og til tiden.<\/p>\n<a href=\"https:\/\/rohde-nielsen.com\/da\/aktiviteter\/\"class=\"cta-link\" >Se vores aktiviteter<\/a>    <\/div>\r\n  <\/div>\r\n<\/section>\n\n<section class=\"module imageAndText bgSand flip\">\r\n  <div class=\"container\">\r\n      <figure class=\"imageAndText__image\">\r\n      <img\r\n        class=\"lazy\"\r\n        data-src=\"https:\/\/rohde-nielsen.com\/wp-content\/uploads\/2024\/05\/child.png\"\r\n                alt=\"\"\r\n      \/>\r\n    <\/figure>\r\n        <div class=\"imageAndText__text\">\r\n      <h2>Vi er her for at g\u00f8re en forskel<\/h2>\n<p>Gennem l\u00f8bende investeringer i nye, avancerede teknologier og br\u00e6ndstofl\u00f8sninger, arbejder vi h\u00e5rdt p\u00e5 at g\u00f8re vores fl\u00e5de gr\u00f8nnere. Vi implementerer hele tiden nye, b\u00e6redygtige tiltag til gavn for b\u00e5de vores kunders projekter og vores f\u00e6lles havmilj\u00f8er.<\/p>\n<a href=\"https:\/\/rohde-nielsen.com\/da\/baeredygtighed\/\"class=\"cta-link\" >L\u00e6s om b\u00e6redygtighed<\/a>    <\/div>\r\n  <\/div>\r\n<\/section>\n\n<section\r\n  class=\"module textContent \r\n  smallerLeftText\">\r\n  <div class=\"container slim\">\r\n        <div class=\"text\">\r\n      <h2>Vi investerer i vores medarbejdere<\/h2>\n    <\/div>\r\n    <div class=\"text\"><p>Hvad enten vi innoverer, uddanner eller styrker vores tekniske f\u00e6rdigheder, kommer vi ingen vegne uden de rigtige mennesker. Vores engagerede og kompetente medarbejdere s\u00f8rger for, at vi kan levere og udvikle teknisk og \u00f8konomisk attraktive l\u00f8sninger til vores kunder og samtidig finde nye m\u00e5der at minimere vores aftryk.<\/p>\n<\/div>  <\/div>\r\n<\/section>\n\n<section class=\"module kpi\">\r\n  <div class=\"container slim\">\r\n    <ul>\r\n      <li>\r\n        <span class=\"typographyKpi\">45<\/span> Enheder og materiel      <\/li>\r\n      <li>\r\n        <span class=\"typographyKpi\">55<\/span> \u00c5rs erfaring      <\/li>\r\n      <li>\r\n        <span class=\"typographyKpi\">600<\/span> Dedikerede medarbejdere over hele verden      <\/li>\r\n    <\/ul>\r\n  <\/div>\r\n<\/section>\n\n<section class=\"module breaker \">\r\n  <h2>Projekter over hele verden<\/h2>  <lottie-player\r\n    id=\"69e19d69a9611\"\r\n    src=\"https:\/\/rohde-nielsen.com\/wp-content\/uploads\/2024\/11\/RN_2024_CP03Web_design_map_1920x600_V04.json\"\r\n    background=\"transparent\"\r\n    speed=\"1\"\r\n    class=\"lottie\"\r\n    loop    autoplay\r\n  >\r\n  <\/lottie-player>\r\n<\/section>\n\n<section class=\"promo\">\r\n  <div class=\"promo__bg\">\r\n    <div class=\"imageBg\">\r\n      <div class=\"lazy\" data-bg=\"https:\/\/rohde-nielsen.com\/wp-content\/uploads\/2024\/05\/Promo-_-Module@2x-scaled.jpg\"><\/div>\r\n    <\/div>\r\n    <div class=\"imageBg mobile\">\r\n      <div class=\"lazy\" data-bg=\"https:\/\/rohde-nielsen.com\/wp-content\/uploads\/2024\/05\/Promo-_-Module@2x-1.jpg\"><\/div>\r\n    <\/div>\r\n  <\/div>\r\n  <div class=\"container\">\r\n    <div class=\"promo__text\">\r\n      <h2>Service i h\u00f8jeste kvalitet<\/h2><p>Vores portf\u00f8lje af tidligere projekter er et vidnesbyrd til vores kompromisl\u00f8se l\u00f8sninger, service og kvalitet. Den afspejler vores evne til altid at tilbyde det mest kompetente, profesionelle og konkurrencedygtige arbejde.<\/p>\n          <a class=\"cta-link\" href=\"https:\/\/rohde-nielsen.com\/da\/projekter\/\">Se vores projekter<\/a>\r\n            <\/div>\r\n  <\/div>\r\n<\/section>","protected":false},"excerpt":{"rendered":"","protected":false},"author":2,"featured_media":0,"parent":0,"menu_order":0,"comment_status":"closed","ping_status":"closed","template":"","meta":{"_acf_changed":true,"footnotes":""},"class_list":["post-1614","page","type-page","status-publish","hentry"],"acf":[],"yoast_head":"<!-- This site is optimized with the Yoast SEO plugin v22.8 - https:\/\/yoast.com\/wordpress\/plugins\/seo\/ -->\n<title>Om - Rohde Nielsen<\/title>\n<meta name=\"robots\" content=\"index, follow, max-snippet:-1, max-image-preview:large, max-video-preview:-1\" \/>\n<link rel=\"canonical\" href=\"https:\/\/rohde-nielsen.com\/da\/om\/\" \/>\n<meta property=\"og:locale\" content=\"da_DK\" \/>\n<meta property=\"og:type\" content=\"article\" \/>\n<meta property=\"og:title\" content=\"Om - Rohde Nielsen\" \/>\n<meta property=\"og:url\" content=\"https:\/\/rohde-nielsen.com\/da\/om\/\" \/>\n<meta property=\"og:site_name\" content=\"Rohde Nielsen\" \/>\n<meta property=\"article:modified_time\" content=\"2024-11-27T11:44:03+00:00\" \/>\n<meta name=\"twitter:card\" content=\"summary_large_image\" \/>\n<script type=\"application\/ld+json\" class=\"yoast-schema-graph\">{\"@context\":\"https:\/\/schema.org\",\"@graph\":[{\"@type\":\"WebPage\",\"@id\":\"https:\/\/rohde-nielsen.com\/da\/om\/\",\"url\":\"https:\/\/rohde-nielsen.com\/da\/om\/\",\"name\":\"Om - Rohde Nielsen\",\"isPartOf\":{\"@id\":\"https:\/\/rohde-nielsen.com\/da\/#website\"},\"datePublished\":\"2024-04-25T08:53:45+00:00\",\"dateModified\":\"2024-11-27T11:44:03+00:00\",\"breadcrumb\":{\"@id\":\"https:\/\/rohde-nielsen.com\/da\/om\/#breadcrumb\"},\"inLanguage\":\"da-DK\",\"potentialAction\":[{\"@type\":\"ReadAction\",\"target\":[\"https:\/\/rohde-nielsen.com\/da\/om\/\"]}]},{\"@type\":\"BreadcrumbList\",\"@id\":\"https:\/\/rohde-nielsen.com\/da\/om\/#breadcrumb\",\"itemListElement\":[{\"@type\":\"ListItem\",\"position\":1,\"name\":\"Hjem\",\"item\":\"https:\/\/rohde-nielsen.com\/da\/\"},{\"@type\":\"ListItem\",\"position\":2,\"name\":\"Om\"}]},{\"@type\":\"WebSite\",\"@id\":\"https:\/\/rohde-nielsen.com\/da\/#website\",\"url\":\"https:\/\/rohde-nielsen.com\/da\/\",\"name\":\"Rohde Nielsen\",\"description\":\"\",\"publisher\":{\"@id\":\"https:\/\/rohde-nielsen.com\/da\/#organization\"},\"potentialAction\":[{\"@type\":\"SearchAction\",\"target\":{\"@type\":\"EntryPoint\",\"urlTemplate\":\"https:\/\/rohde-nielsen.com\/da\/?s={search_term_string}\"},\"query-input\":\"required name=search_term_string\"}],\"inLanguage\":\"da-DK\"},{\"@type\":\"Organization\",\"@id\":\"https:\/\/rohde-nielsen.com\/da\/#organization\",\"name\":\"Rohde Nielsen\",\"url\":\"https:\/\/rohde-nielsen.com\/da\/\",\"logo\":{\"@type\":\"ImageObject\",\"inLanguage\":\"da-DK\",\"@id\":\"https:\/\/rohde-nielsen.com\/da\/#\/schema\/logo\/image\/\",\"url\":\"https:\/\/rohde-nielsen.com\/wp-content\/uploads\/2024\/05\/rohde.svg\",\"contentUrl\":\"https:\/\/rohde-nielsen.com\/wp-content\/uploads\/2024\/05\/rohde.svg\",\"caption\":\"Rohde Nielsen\"},\"image\":{\"@id\":\"https:\/\/rohde-nielsen.com\/da\/#\/schema\/logo\/image\/\"}}]}<\/script>\n<!-- \/ Yoast SEO plugin. -->","yoast_head_json":{"title":"Om - Rohde Nielsen","robots":{"index":"index","follow":"follow","max-snippet":"max-snippet:-1","max-image-preview":"max-image-preview:large","max-video-preview":"max-video-preview:-1"},"canonical":"https:\/\/rohde-nielsen.com\/da\/om\/","og_locale":"da_DK","og_type":"article","og_title":"Om - Rohde Nielsen","og_url":"https:\/\/rohde-nielsen.com\/da\/om\/","og_site_name":"Rohde Nielsen","article_modified_time":"2024-11-27T11:44:03+00:00","twitter_card":"summary_large_image","schema":{"@context":"https:\/\/schema.org","@graph":[{"@type":"WebPage","@id":"https:\/\/rohde-nielsen.com\/da\/om\/","url":"https:\/\/rohde-nielsen.com\/da\/om\/","name":"Om - Rohde Nielsen","isPartOf":{"@id":"https:\/\/rohde-nielsen.com\/da\/#website"},"datePublished":"2024-04-25T08:53:45+00:00","dateModified":"2024-11-27T11:44:03+00:00","breadcrumb":{"@id":"https:\/\/rohde-nielsen.com\/da\/om\/#breadcrumb"},"inLanguage":"da-DK","potentialAction":[{"@type":"ReadAction","target":["https:\/\/rohde-nielsen.com\/da\/om\/"]}]},{"@type":"BreadcrumbList","@id":"https:\/\/rohde-nielsen.com\/da\/om\/#breadcrumb","itemListElement":[{"@type":"ListItem","position":1,"name":"Hjem","item":"https:\/\/rohde-nielsen.com\/da\/"},{"@type":"ListItem","position":2,"name":"Om"}]},{"@type":"WebSite","@id":"https:\/\/rohde-nielsen.com\/da\/#website","url":"https:\/\/rohde-nielsen.com\/da\/","name":"Rohde Nielsen","description":"","publisher":{"@id":"https:\/\/rohde-nielsen.com\/da\/#organization"},"potentialAction":[{"@type":"SearchAction","target":{"@type":"EntryPoint","urlTemplate":"https:\/\/rohde-nielsen.com\/da\/?s={search_term_string}"},"query-input":"required name=search_term_string"}],"inLanguage":"da-DK"},{"@type":"Organization","@id":"https:\/\/rohde-nielsen.com\/da\/#organization","name":"Rohde Nielsen","url":"https:\/\/rohde-nielsen.com\/da\/","logo":{"@type":"ImageObject","inLanguage":"da-DK","@id":"https:\/\/rohde-nielsen.com\/da\/#\/schema\/logo\/image\/","url":"https:\/\/rohde-nielsen.com\/wp-content\/uploads\/2024\/05\/rohde.svg","contentUrl":"https:\/\/rohde-nielsen.com\/wp-content\/uploads\/2024\/05\/rohde.svg","caption":"Rohde Nielsen"},"image":{"@id":"https:\/\/rohde-nielsen.com\/da\/#\/schema\/logo\/image\/"}}]}},"_links":{"self":[{"href":"https:\/\/rohde-nielsen.com\/da\/wp-json\/wp\/v2\/pages\/1614","targetHints":{"allow":["GET"]}}],"collection":[{"href":"https:\/\/rohde-nielsen.com\/da\/wp-json\/wp\/v2\/pages"}],"about":[{"href":"https:\/\/rohde-nielsen.com\/da\/wp-json\/wp\/v2\/types\/page"}],"author":[{"embeddable":true,"href":"https:\/\/rohde-nielsen.com\/da\/wp-json\/wp\/v2\/users\/2"}],"replies":[{"embeddable":true,"href":"https:\/\/rohde-nielsen.com\/da\/wp-json\/wp\/v2\/comments?post=1614"}],"version-history":[{"count":0,"href":"https:\/\/rohde-nielsen.com\/da\/wp-json\/wp\/v2\/pages\/1614\/revisions"}],"wp:attachment":[{"href":"https:\/\/rohde-nielsen.com\/da\/wp-json\/wp\/v2\/media?parent=1614"}],"curies":[{"name":"wp","href":"https:\/\/api.w.org\/{rel}","templated":true}]}}