{"id":1615,"date":"2024-04-25T09:59:57","date_gmt":"2024-04-25T09:59:57","guid":{"rendered":"https:\/\/rohdenielsen2.wpenginepowered.com\/omkring\/karriere\/"},"modified":"2024-05-29T12:08:36","modified_gmt":"2024-05-29T12:08:36","slug":"karriere","status":"publish","type":"page","link":"https:\/\/rohde-nielsen.com\/da\/om\/karriere\/","title":{"rendered":"Karriere"},"content":{"rendered":"<section class=\"hero \">\r\n  <div class=\"hero__bg\" \r\n    id=\"herovideo\"\r\n    data-video-id=\"\">\r\n    <div class=\"imageBg\">\r\n      <div class=\"lazy\" data-bg=\"https:\/\/rohde-nielsen.com\/wp-content\/uploads\/2024\/05\/Hero-_-Module-3.png\"><\/div>\r\n    <\/div>\r\n    <div class=\"imageBg mobile\">\r\n      <div class=\"lazy\" data-bg=\"https:\/\/rohde-nielsen.com\/wp-content\/uploads\/2024\/05\/Career.jpg\"><\/div>\r\n    <\/div>\r\n  <\/div>\r\n  <div class=\"container\">\r\n    <div class=\"hero__text hero__text--left\">\r\n      <div>\r\n        <h1>Karriere<\/h1><p class=\"hero__description\">N\u00e5r du arbejder hos Rohde Nielsen, arbejder du med dygtige og flittige kollegaer. Mennesker med passion og en vilje til at f\u00e5 arbejdet gjort, og som er her, fordi de vil g\u00f8re en forskel.<\/p>      <\/div>\r\n    <\/div>\r\n    <button class=\"scroll\">Rul<\/button>\r\n  <\/div>\r\n<\/section>\r\n\n\n<section\r\n  class=\"module textContent \r\n  smallerLeftText\">\r\n  <div class=\"container slim\">\r\n        <div class=\"text\">\r\n      <h2>Ledige stillinger<\/h2>\n    <\/div>\r\n    <div class=\"text\"><p>Vores succes afh\u00e6nger af vores team. Derfor er vi altid p\u00e5 udkig efter kvalificerede folk til at udvikle og styrke Rohde Nielsen.<\/p>\n<p>Se de ledige stillinger nedenfor eller send os en uopfordret ans\u00f8gning.<\/p>\n<\/div>  <\/div>\r\n<\/section>\n\n                <section class=\"module textContent\">\r\n                    <div class=\"container slim\">\r\n                        <div class=\"text\"><\/div>\r\n                        <div class=\"text\">\r\n                            <h2>Styrm\u00e6nd til Rohde Nielsen<\/h2>\r\n                            <p>Styrm\u00e6nd til Skandinaviens f\u00f8rende dredgingrederi &#8211; Vi ans\u00e6tter l\u00f8bende Hos Rohde Nielsen bygger vi med naturen og vedligeholder den maritime infrastruktur over hele verden. Vi s\u00f8ger rutinerede og engagerede styrm\u00e6nd til vores specialdesignede skibe. Som &#8230;<\/p>\r\n                            <a href=\"https:\/\/rohde-nielsen.com\/da\/om\/karriere\/ledig-stilling\/?306337\" class=\"cta-link\">L\u00e6s mere<\/a>\r\n                        <\/div>\r\n                    <\/div>\r\n                <\/section>\r\n                            <section class=\"module textContent\">\r\n                    <div class=\"container slim\">\r\n                        <div class=\"text\"><\/div>\r\n                        <div class=\"text\">\r\n                            <h2>Praktik 2. halv\u00e5r 2026 som maskinmester eller maskinist<\/h2>\r\n                            <p>Rohde Nielsen er et f\u00f8rende maritimt entrepren\u00f8rrederi, specialiseret i kystfodring, havneudvikling, uddybning, oprensning, mm. Vi leverer innovative, b\u00e6redygtige l\u00f8sninger med en moderne fl\u00e5de og h\u00f8j faglighed \u2013 til gavn for kunder og maritime projekter &#8230;<\/p>\r\n                            <a href=\"https:\/\/rohde-nielsen.com\/da\/om\/karriere\/ledig-stilling\/?294497\" class=\"cta-link\">L\u00e6s mere<\/a>\r\n                        <\/div>\r\n                    <\/div>\r\n                <\/section>\r\n                            <section class=\"module textContent\">\r\n                    <div class=\"container slim\">\r\n                        <div class=\"text\"><\/div>\r\n                        <div class=\"text\">\r\n                            <h2>Skibsassistent til Rohde Nielsen<\/h2>\r\n                            <p>Skibsassistenter til rederiets enheder \u2013 Vi ans\u00e6tter l\u00f8bende Har du erfaring fra havet og h\u00e6nderne skruet rigtigt p\u00e5? Vi s\u00f8ger skibsassistenter til rederiets enheder. Har du tidligere arbejdet som fisker, mekaniker, smed, inden for entrepren\u00f8rbranchen ell&#8230;<\/p>\r\n                            <a href=\"https:\/\/rohde-nielsen.com\/da\/om\/karriere\/ledig-stilling\/?289415\" class=\"cta-link\">L\u00e6s mere<\/a>\r\n                        <\/div>\r\n                    <\/div>\r\n                <\/section>\r\n                            <section class=\"module textContent\">\r\n                    <div class=\"container slim\">\r\n                        <div class=\"text\"><\/div>\r\n                        <div class=\"text\">\r\n                            <h2>Maskinmestre og maskinister til Rohde Nielsen<\/h2>\r\n                            <p>Rohde Nielsen s\u00f8ger motiverede og dygtige 1. og 2. mestre til rederiets enheder &#8211; Vi ans\u00e6tter l\u00f8bende. Vil du v\u00e6re en del af en af Skandinaviens f\u00f8rende maritime entrepren\u00f8rer med speciale i bla. uddybning, landindvinding og kystbeskyttelse. Hos Rohde Nie&#8230;<\/p>\r\n                            <a href=\"https:\/\/rohde-nielsen.com\/da\/om\/karriere\/ledig-stilling\/?289403\" class=\"cta-link\">L\u00e6s mere<\/a>\r\n                        <\/div>\r\n                    <\/div>\r\n                <\/section>\r\n                            <section class=\"module textContent\">\r\n                    <div class=\"container slim\">\r\n                        <div class=\"text\"><\/div>\r\n                        <div class=\"text\">\r\n                            <h2>Technical Superintendent Position, Grenaa<\/h2>\r\n                            <p>Join Rohde Nielsen as a Technical Superintendent: Navigate, Innovate, and Elevate Our Fleet!<\/p>\r\n                            <a href=\"https:\/\/rohde-nielsen.com\/da\/om\/karriere\/ledig-stilling\/?288883\" class=\"cta-link\">L\u00e6s mere<\/a>\r\n                        <\/div>\r\n                    <\/div>\r\n                <\/section>\r\n                            <section class=\"module textContent\">\r\n                    <div class=\"container slim\">\r\n                        <div class=\"text\"><\/div>\r\n                        <div class=\"text\">\r\n                            <h2>S\u00e6tteskipper og maskinister til sl\u00e6beb\u00e5de hos Rohde Nielsen<\/h2>\r\n                            <p>S\u00c6TTESKIPPER OG MASKINISTER TIL SL\u00c6BEB\u00c5DE \u2013 Vi ans\u00e6tter l\u00f8bende Vil du v\u00e6re med til at holde verdenshavene i bev\u00e6gelse? Rohde Nielsen A\/S s\u00f8ger l\u00f8bende dygtige styrm\u00e6nd og maskinister til vores sl\u00e6beb\u00e5de og st\u00f8ttefart\u00f8jer i b\u00e5de danske og internationale f&#8230;<\/p>\r\n                            <a href=\"https:\/\/rohde-nielsen.com\/da\/om\/karriere\/ledig-stilling\/?272069\" class=\"cta-link\">L\u00e6s mere<\/a>\r\n                        <\/div>\r\n                    <\/div>\r\n                <\/section>\r\n                            <section class=\"module textContent\">\r\n                    <div class=\"container slim\">\r\n                        <div class=\"text\"><\/div>\r\n                        <div class=\"text\">\r\n                            <h2>Uopfordret ans\u00f8gning &#8211; landbaseret<\/h2>\r\n                            <p>Vores succes afh\u00e6nger af vores team. Derfor er vi altid p\u00e5 udkig efter kvalificerede folk til at udvikle og styrke Rohde Nielsen. Se de ledige stillinger nedenfor eller send os en uopfordret ans\u00f8gning&#8230;.<\/p>\r\n                            <a href=\"https:\/\/rohde-nielsen.com\/da\/om\/karriere\/ledig-stilling\/?221440\" class=\"cta-link\">L\u00e6s mere<\/a>\r\n                        <\/div>\r\n                    <\/div>\r\n                <\/section>\r\n                            <section class=\"module textContent\">\r\n                    <div class=\"container slim\">\r\n                        <div class=\"text\"><\/div>\r\n                        <div class=\"text\">\r\n                            <h2>Uopfordret ans\u00f8gning &#8211; Maritim<\/h2>\r\n                            <p>Vores succes afh\u00e6nger af vores team. Derfor er vi altid p\u00e5 udkig efter kvalificerede folk til at udvikle og styrke Rohde Nielsen. Se de ledige stillinger nedenfor eller send os en uopfordret ans\u00f8gning&#8230;.<\/p>\r\n                            <a href=\"https:\/\/rohde-nielsen.com\/da\/om\/karriere\/ledig-stilling\/?221443\" class=\"cta-link\">L\u00e6s mere<\/a>\r\n                        <\/div>\r\n                    <\/div>\r\n                <\/section>\r\n            \n\n<section class=\"promo\">\r\n  <div class=\"promo__bg\">\r\n    <div class=\"imageBg\">\r\n      <div class=\"lazy\" data-bg=\"https:\/\/rohde-nielsen.com\/wp-content\/uploads\/2024\/05\/Hero-_-Module-10.png\"><\/div>\r\n    <\/div>\r\n    <div class=\"imageBg mobile\">\r\n      <div class=\"lazy\" data-bg=\"https:\/\/rohde-nielsen.com\/wp-content\/uploads\/2024\/05\/Offshore-services-mobile-1.jpg\"><\/div>\r\n    <\/div>\r\n  <\/div>\r\n  <div class=\"container\">\r\n    <div class=\"promo__text\">\r\n      <h2>Sammen sikrer vi fremtiden<\/h2>    <\/div>\r\n  <\/div>\r\n<\/section>","protected":false},"excerpt":{"rendered":"","protected":false},"author":2,"featured_media":0,"parent":1614,"menu_order":0,"comment_status":"closed","ping_status":"closed","template":"","meta":{"_acf_changed":true,"footnotes":""},"class_list":["post-1615","page","type-page","status-publish","hentry"],"acf":[],"yoast_head":"<!-- This site is optimized with the Yoast SEO plugin v22.8 - https:\/\/yoast.com\/wordpress\/plugins\/seo\/ -->\n<title>Karriere - Rohde Nielsen<\/title>\n<meta name=\"robots\" content=\"index, follow, max-snippet:-1, max-image-preview:large, max-video-preview:-1\" \/>\n<link rel=\"canonical\" href=\"https:\/\/rohde-nielsen.com\/da\/om\/karriere\/\" \/>\n<meta property=\"og:locale\" content=\"da_DK\" \/>\n<meta property=\"og:type\" content=\"article\" \/>\n<meta property=\"og:title\" content=\"Karriere - Rohde Nielsen\" \/>\n<meta property=\"og:url\" content=\"https:\/\/rohde-nielsen.com\/da\/om\/karriere\/\" \/>\n<meta property=\"og:site_name\" content=\"Rohde Nielsen\" \/>\n<meta property=\"article:modified_time\" content=\"2024-05-29T12:08:36+00:00\" \/>\n<meta name=\"twitter:card\" content=\"summary_large_image\" \/>\n<script type=\"application\/ld+json\" class=\"yoast-schema-graph\">{\"@context\":\"https:\/\/schema.org\",\"@graph\":[{\"@type\":\"WebPage\",\"@id\":\"https:\/\/rohde-nielsen.com\/da\/om\/karriere\/\",\"url\":\"https:\/\/rohde-nielsen.com\/da\/om\/karriere\/\",\"name\":\"Karriere - Rohde Nielsen\",\"isPartOf\":{\"@id\":\"https:\/\/rohde-nielsen.com\/da\/#website\"},\"datePublished\":\"2024-04-25T09:59:57+00:00\",\"dateModified\":\"2024-05-29T12:08:36+00:00\",\"breadcrumb\":{\"@id\":\"https:\/\/rohde-nielsen.com\/da\/om\/karriere\/#breadcrumb\"},\"inLanguage\":\"da-DK\",\"potentialAction\":[{\"@type\":\"ReadAction\",\"target\":[\"https:\/\/rohde-nielsen.com\/da\/om\/karriere\/\"]}]},{\"@type\":\"BreadcrumbList\",\"@id\":\"https:\/\/rohde-nielsen.com\/da\/om\/karriere\/#breadcrumb\",\"itemListElement\":[{\"@type\":\"ListItem\",\"position\":1,\"name\":\"Hjem\",\"item\":\"https:\/\/rohde-nielsen.com\/da\/\"},{\"@type\":\"ListItem\",\"position\":2,\"name\":\"Om\",\"item\":\"https:\/\/rohde-nielsen.com\/da\/om\/\"},{\"@type\":\"ListItem\",\"position\":3,\"name\":\"Karriere\"}]},{\"@type\":\"WebSite\",\"@id\":\"https:\/\/rohde-nielsen.com\/da\/#website\",\"url\":\"https:\/\/rohde-nielsen.com\/da\/\",\"name\":\"Rohde Nielsen\",\"description\":\"\",\"publisher\":{\"@id\":\"https:\/\/rohde-nielsen.com\/da\/#organization\"},\"potentialAction\":[{\"@type\":\"SearchAction\",\"target\":{\"@type\":\"EntryPoint\",\"urlTemplate\":\"https:\/\/rohde-nielsen.com\/da\/?s={search_term_string}\"},\"query-input\":\"required name=search_term_string\"}],\"inLanguage\":\"da-DK\"},{\"@type\":\"Organization\",\"@id\":\"https:\/\/rohde-nielsen.com\/da\/#organization\",\"name\":\"Rohde Nielsen\",\"url\":\"https:\/\/rohde-nielsen.com\/da\/\",\"logo\":{\"@type\":\"ImageObject\",\"inLanguage\":\"da-DK\",\"@id\":\"https:\/\/rohde-nielsen.com\/da\/#\/schema\/logo\/image\/\",\"url\":\"https:\/\/rohde-nielsen.com\/wp-content\/uploads\/2024\/05\/rohde.svg\",\"contentUrl\":\"https:\/\/rohde-nielsen.com\/wp-content\/uploads\/2024\/05\/rohde.svg\",\"caption\":\"Rohde Nielsen\"},\"image\":{\"@id\":\"https:\/\/rohde-nielsen.com\/da\/#\/schema\/logo\/image\/\"}}]}<\/script>\n<!-- \/ Yoast SEO plugin. -->","yoast_head_json":{"title":"Karriere - Rohde Nielsen","robots":{"index":"index","follow":"follow","max-snippet":"max-snippet:-1","max-image-preview":"max-image-preview:large","max-video-preview":"max-video-preview:-1"},"canonical":"https:\/\/rohde-nielsen.com\/da\/om\/karriere\/","og_locale":"da_DK","og_type":"article","og_title":"Karriere - Rohde Nielsen","og_url":"https:\/\/rohde-nielsen.com\/da\/om\/karriere\/","og_site_name":"Rohde Nielsen","article_modified_time":"2024-05-29T12:08:36+00:00","twitter_card":"summary_large_image","schema":{"@context":"https:\/\/schema.org","@graph":[{"@type":"WebPage","@id":"https:\/\/rohde-nielsen.com\/da\/om\/karriere\/","url":"https:\/\/rohde-nielsen.com\/da\/om\/karriere\/","name":"Karriere - Rohde Nielsen","isPartOf":{"@id":"https:\/\/rohde-nielsen.com\/da\/#website"},"datePublished":"2024-04-25T09:59:57+00:00","dateModified":"2024-05-29T12:08:36+00:00","breadcrumb":{"@id":"https:\/\/rohde-nielsen.com\/da\/om\/karriere\/#breadcrumb"},"inLanguage":"da-DK","potentialAction":[{"@type":"ReadAction","target":["https:\/\/rohde-nielsen.com\/da\/om\/karriere\/"]}]},{"@type":"BreadcrumbList","@id":"https:\/\/rohde-nielsen.com\/da\/om\/karriere\/#breadcrumb","itemListElement":[{"@type":"ListItem","position":1,"name":"Hjem","item":"https:\/\/rohde-nielsen.com\/da\/"},{"@type":"ListItem","position":2,"name":"Om","item":"https:\/\/rohde-nielsen.com\/da\/om\/"},{"@type":"ListItem","position":3,"name":"Karriere"}]},{"@type":"WebSite","@id":"https:\/\/rohde-nielsen.com\/da\/#website","url":"https:\/\/rohde-nielsen.com\/da\/","name":"Rohde Nielsen","description":"","publisher":{"@id":"https:\/\/rohde-nielsen.com\/da\/#organization"},"potentialAction":[{"@type":"SearchAction","target":{"@type":"EntryPoint","urlTemplate":"https:\/\/rohde-nielsen.com\/da\/?s={search_term_string}"},"query-input":"required name=search_term_string"}],"inLanguage":"da-DK"},{"@type":"Organization","@id":"https:\/\/rohde-nielsen.com\/da\/#organization","name":"Rohde Nielsen","url":"https:\/\/rohde-nielsen.com\/da\/","logo":{"@type":"ImageObject","inLanguage":"da-DK","@id":"https:\/\/rohde-nielsen.com\/da\/#\/schema\/logo\/image\/","url":"https:\/\/rohde-nielsen.com\/wp-content\/uploads\/2024\/05\/rohde.svg","contentUrl":"https:\/\/rohde-nielsen.com\/wp-content\/uploads\/2024\/05\/rohde.svg","caption":"Rohde Nielsen"},"image":{"@id":"https:\/\/rohde-nielsen.com\/da\/#\/schema\/logo\/image\/"}}]}},"_links":{"self":[{"href":"https:\/\/rohde-nielsen.com\/da\/wp-json\/wp\/v2\/pages\/1615","targetHints":{"allow":["GET"]}}],"collection":[{"href":"https:\/\/rohde-nielsen.com\/da\/wp-json\/wp\/v2\/pages"}],"about":[{"href":"https:\/\/rohde-nielsen.com\/da\/wp-json\/wp\/v2\/types\/page"}],"author":[{"embeddable":true,"href":"https:\/\/rohde-nielsen.com\/da\/wp-json\/wp\/v2\/users\/2"}],"replies":[{"embeddable":true,"href":"https:\/\/rohde-nielsen.com\/da\/wp-json\/wp\/v2\/comments?post=1615"}],"version-history":[{"count":0,"href":"https:\/\/rohde-nielsen.com\/da\/wp-json\/wp\/v2\/pages\/1615\/revisions"}],"up":[{"embeddable":true,"href":"https:\/\/rohde-nielsen.com\/da\/wp-json\/wp\/v2\/pages\/1614"}],"wp:attachment":[{"href":"https:\/\/rohde-nielsen.com\/da\/wp-json\/wp\/v2\/media?parent=1615"}],"curies":[{"name":"wp","href":"https:\/\/api.w.org\/{rel}","templated":true}]}}