{"id":1624,"date":"2024-04-25T08:54:10","date_gmt":"2024-04-25T08:54:10","guid":{"rendered":"https:\/\/rohdenielsen2.wpenginepowered.com\/kontakt\/"},"modified":"2024-05-28T14:35:42","modified_gmt":"2024-05-28T14:35:42","slug":"kontakt","status":"publish","type":"page","link":"https:\/\/rohde-nielsen.com\/da\/kontakt\/","title":{"rendered":"Kontakt"},"content":{"rendered":"<section class=\"hero \">\r\n  <div class=\"hero__bg\" \r\n    id=\"herovideo\"\r\n    data-video-id=\"\">\r\n    <div class=\"imageBg\">\r\n      <div class=\"lazy\" data-bg=\"https:\/\/rohde-nielsen.com\/wp-content\/uploads\/2024\/05\/worker-scaled.jpeg\"><\/div>\r\n    <\/div>\r\n    <div class=\"imageBg mobile\">\r\n      <div class=\"lazy\" data-bg=\"https:\/\/rohde-nielsen.com\/wp-content\/uploads\/2024\/05\/contact.jpg\"><\/div>\r\n    <\/div>\r\n  <\/div>\r\n  <div class=\"container\">\r\n    <div class=\"hero__text hero__text--left\">\r\n      <div>\r\n        <h1>Kontakt os <\/h1><p class=\"hero__description\">H\u00f8r mere om, hvordan vi kan hj\u00e6lpe med jeres n\u00e6ste projekt.<\/p>      <\/div>\r\n    <\/div>\r\n    <button class=\"scroll\">Rul<\/button>\r\n  <\/div>\r\n<\/section>\r\n\n\n<section class=\"module imageAndText bgWhite flip\">\r\n  <div class=\"container\">\r\n      <figure class=\"imageAndText__image\">\r\n      <img\r\n        class=\"lazy\"\r\n        data-src=\"https:\/\/rohde-nielsen.com\/wp-content\/uploads\/2024\/05\/Reception.jpg\"\r\n                alt=\"\"\r\n      \/>\r\n    <\/figure>\r\n        <div class=\"imageAndText__text\">\r\n      <h2>Hovedkontor<\/h2>\n<p>Amager Strandvej 403,<br \/>\n2770 Kastrup<\/p>\n<p>Tlf.: 33 91 25 07<br \/>\nE-mail: <a href=\"mailto:mail@rohde-nielsen.dk\">mail@rohde-nielsen.dk<\/a><\/p>\n    <\/div>\r\n  <\/div>\r\n<\/section>\n\n<section class=\"module imageAndText bgWhite flip\">\r\n  <div class=\"container\">\r\n      <figure class=\"imageAndText__image\">\r\n      <img\r\n        class=\"lazy\"\r\n        data-src=\"https:\/\/rohde-nielsen.com\/wp-content\/uploads\/2024\/05\/Grenaa.jpg\"\r\n                alt=\"\"\r\n      \/>\r\n    <\/figure>\r\n        <div class=\"imageAndText__text\">\r\n      <h2>Reparationsv\u00e6rft<\/h2>\n<p>V\u00e6rftskajen,<br \/>\n8500 Grenaa<\/p>\n<p>Tlf.: 86 32 25 75<br \/>\nE-mail: <a href=\"mailto:grenaa@rohde-nielsen.dk\">grenaa@rohde-nielsen.dk<\/a><\/p>\n    <\/div>\r\n  <\/div>\r\n<\/section>","protected":false},"excerpt":{"rendered":"","protected":false},"author":2,"featured_media":0,"parent":0,"menu_order":0,"comment_status":"closed","ping_status":"closed","template":"","meta":{"_acf_changed":true,"footnotes":""},"class_list":["post-1624","page","type-page","status-publish","hentry"],"acf":[],"yoast_head":"<!-- This site is optimized with the Yoast SEO plugin v22.8 - https:\/\/yoast.com\/wordpress\/plugins\/seo\/ -->\n<title>Kontakt - Rohde Nielsen<\/title>\n<meta name=\"robots\" content=\"index, follow, max-snippet:-1, max-image-preview:large, max-video-preview:-1\" \/>\n<link rel=\"canonical\" href=\"https:\/\/rohde-nielsen.com\/da\/kontakt\/\" \/>\n<meta property=\"og:locale\" content=\"da_DK\" \/>\n<meta property=\"og:type\" content=\"article\" \/>\n<meta property=\"og:title\" content=\"Kontakt - Rohde Nielsen\" \/>\n<meta property=\"og:url\" content=\"https:\/\/rohde-nielsen.com\/da\/kontakt\/\" \/>\n<meta property=\"og:site_name\" content=\"Rohde Nielsen\" \/>\n<meta property=\"article:modified_time\" content=\"2024-05-28T14:35:42+00:00\" \/>\n<meta name=\"twitter:card\" content=\"summary_large_image\" \/>\n<script type=\"application\/ld+json\" class=\"yoast-schema-graph\">{\"@context\":\"https:\/\/schema.org\",\"@graph\":[{\"@type\":\"WebPage\",\"@id\":\"https:\/\/rohde-nielsen.com\/da\/kontakt\/\",\"url\":\"https:\/\/rohde-nielsen.com\/da\/kontakt\/\",\"name\":\"Kontakt - Rohde Nielsen\",\"isPartOf\":{\"@id\":\"https:\/\/rohde-nielsen.com\/da\/#website\"},\"datePublished\":\"2024-04-25T08:54:10+00:00\",\"dateModified\":\"2024-05-28T14:35:42+00:00\",\"breadcrumb\":{\"@id\":\"https:\/\/rohde-nielsen.com\/da\/kontakt\/#breadcrumb\"},\"inLanguage\":\"da-DK\",\"potentialAction\":[{\"@type\":\"ReadAction\",\"target\":[\"https:\/\/rohde-nielsen.com\/da\/kontakt\/\"]}]},{\"@type\":\"BreadcrumbList\",\"@id\":\"https:\/\/rohde-nielsen.com\/da\/kontakt\/#breadcrumb\",\"itemListElement\":[{\"@type\":\"ListItem\",\"position\":1,\"name\":\"Hjem\",\"item\":\"https:\/\/rohde-nielsen.com\/da\/\"},{\"@type\":\"ListItem\",\"position\":2,\"name\":\"Kontakt\"}]},{\"@type\":\"WebSite\",\"@id\":\"https:\/\/rohde-nielsen.com\/da\/#website\",\"url\":\"https:\/\/rohde-nielsen.com\/da\/\",\"name\":\"Rohde Nielsen\",\"description\":\"\",\"publisher\":{\"@id\":\"https:\/\/rohde-nielsen.com\/da\/#organization\"},\"potentialAction\":[{\"@type\":\"SearchAction\",\"target\":{\"@type\":\"EntryPoint\",\"urlTemplate\":\"https:\/\/rohde-nielsen.com\/da\/?s={search_term_string}\"},\"query-input\":\"required name=search_term_string\"}],\"inLanguage\":\"da-DK\"},{\"@type\":\"Organization\",\"@id\":\"https:\/\/rohde-nielsen.com\/da\/#organization\",\"name\":\"Rohde Nielsen\",\"url\":\"https:\/\/rohde-nielsen.com\/da\/\",\"logo\":{\"@type\":\"ImageObject\",\"inLanguage\":\"da-DK\",\"@id\":\"https:\/\/rohde-nielsen.com\/da\/#\/schema\/logo\/image\/\",\"url\":\"https:\/\/rohde-nielsen.com\/wp-content\/uploads\/2024\/05\/rohde.svg\",\"contentUrl\":\"https:\/\/rohde-nielsen.com\/wp-content\/uploads\/2024\/05\/rohde.svg\",\"caption\":\"Rohde Nielsen\"},\"image\":{\"@id\":\"https:\/\/rohde-nielsen.com\/da\/#\/schema\/logo\/image\/\"}}]}<\/script>\n<!-- \/ Yoast SEO plugin. -->","yoast_head_json":{"title":"Kontakt - Rohde Nielsen","robots":{"index":"index","follow":"follow","max-snippet":"max-snippet:-1","max-image-preview":"max-image-preview:large","max-video-preview":"max-video-preview:-1"},"canonical":"https:\/\/rohde-nielsen.com\/da\/kontakt\/","og_locale":"da_DK","og_type":"article","og_title":"Kontakt - Rohde Nielsen","og_url":"https:\/\/rohde-nielsen.com\/da\/kontakt\/","og_site_name":"Rohde Nielsen","article_modified_time":"2024-05-28T14:35:42+00:00","twitter_card":"summary_large_image","schema":{"@context":"https:\/\/schema.org","@graph":[{"@type":"WebPage","@id":"https:\/\/rohde-nielsen.com\/da\/kontakt\/","url":"https:\/\/rohde-nielsen.com\/da\/kontakt\/","name":"Kontakt - Rohde Nielsen","isPartOf":{"@id":"https:\/\/rohde-nielsen.com\/da\/#website"},"datePublished":"2024-04-25T08:54:10+00:00","dateModified":"2024-05-28T14:35:42+00:00","breadcrumb":{"@id":"https:\/\/rohde-nielsen.com\/da\/kontakt\/#breadcrumb"},"inLanguage":"da-DK","potentialAction":[{"@type":"ReadAction","target":["https:\/\/rohde-nielsen.com\/da\/kontakt\/"]}]},{"@type":"BreadcrumbList","@id":"https:\/\/rohde-nielsen.com\/da\/kontakt\/#breadcrumb","itemListElement":[{"@type":"ListItem","position":1,"name":"Hjem","item":"https:\/\/rohde-nielsen.com\/da\/"},{"@type":"ListItem","position":2,"name":"Kontakt"}]},{"@type":"WebSite","@id":"https:\/\/rohde-nielsen.com\/da\/#website","url":"https:\/\/rohde-nielsen.com\/da\/","name":"Rohde Nielsen","description":"","publisher":{"@id":"https:\/\/rohde-nielsen.com\/da\/#organization"},"potentialAction":[{"@type":"SearchAction","target":{"@type":"EntryPoint","urlTemplate":"https:\/\/rohde-nielsen.com\/da\/?s={search_term_string}"},"query-input":"required name=search_term_string"}],"inLanguage":"da-DK"},{"@type":"Organization","@id":"https:\/\/rohde-nielsen.com\/da\/#organization","name":"Rohde Nielsen","url":"https:\/\/rohde-nielsen.com\/da\/","logo":{"@type":"ImageObject","inLanguage":"da-DK","@id":"https:\/\/rohde-nielsen.com\/da\/#\/schema\/logo\/image\/","url":"https:\/\/rohde-nielsen.com\/wp-content\/uploads\/2024\/05\/rohde.svg","contentUrl":"https:\/\/rohde-nielsen.com\/wp-content\/uploads\/2024\/05\/rohde.svg","caption":"Rohde Nielsen"},"image":{"@id":"https:\/\/rohde-nielsen.com\/da\/#\/schema\/logo\/image\/"}}]}},"_links":{"self":[{"href":"https:\/\/rohde-nielsen.com\/da\/wp-json\/wp\/v2\/pages\/1624","targetHints":{"allow":["GET"]}}],"collection":[{"href":"https:\/\/rohde-nielsen.com\/da\/wp-json\/wp\/v2\/pages"}],"about":[{"href":"https:\/\/rohde-nielsen.com\/da\/wp-json\/wp\/v2\/types\/page"}],"author":[{"embeddable":true,"href":"https:\/\/rohde-nielsen.com\/da\/wp-json\/wp\/v2\/users\/2"}],"replies":[{"embeddable":true,"href":"https:\/\/rohde-nielsen.com\/da\/wp-json\/wp\/v2\/comments?post=1624"}],"version-history":[{"count":0,"href":"https:\/\/rohde-nielsen.com\/da\/wp-json\/wp\/v2\/pages\/1624\/revisions"}],"wp:attachment":[{"href":"https:\/\/rohde-nielsen.com\/da\/wp-json\/wp\/v2\/media?parent=1624"}],"curies":[{"name":"wp","href":"https:\/\/api.w.org\/{rel}","templated":true}]}}