{"id":1626,"date":"2024-04-25T09:59:49","date_gmt":"2024-04-25T09:59:49","guid":{"rendered":"https:\/\/rohdenielsen2.wpenginepowered.com\/oversigt-over-flaaden\/"},"modified":"2025-10-03T12:00:53","modified_gmt":"2025-10-03T12:00:53","slug":"flaade","status":"publish","type":"page","link":"https:\/\/rohde-nielsen.com\/da\/flaade\/","title":{"rendered":"Oversigt over fl\u00e5den"},"content":{"rendered":"<section class=\"hero \">\r\n  <div class=\"hero__bg\" \r\n    id=\"herovideo\"\r\n    data-video-id=\"\">\r\n    <div class=\"imageBg\">\r\n      <div class=\"lazy\" data-bg=\"https:\/\/rohde-nielsen.com\/wp-content\/uploads\/2025\/08\/Njord_R_ULEV_GRID_DESKTOP.jpg\"><\/div>\r\n    <\/div>\r\n    <div class=\"imageBg mobile\">\r\n      <div class=\"lazy\" data-bg=\"https:\/\/rohde-nielsen.com\/wp-content\/uploads\/2025\/08\/Njord_R_ULEV_GRID_MOBILE-1.jpg\"><\/div>\r\n    <\/div>\r\n  <\/div>\r\n  <div class=\"container\">\r\n    <div class=\"hero__text hero__text--right\">\r\n      <div>\r\n        <h1>Vores fl\u00e5de<\/h1><p class=\"hero__description\">Rohde Nielsen tilbyder en stor og moderne fl\u00e5de af specialiserede og alsidige enheder, der opererer i alle verdens have. Uanset om dit projekt er kystn\u00e6rt eller offshore, leverer vi en bred vifte af skibe udstyret med den nyeste teknologi.<\/p>      <\/div>\r\n    <\/div>\r\n    <button class=\"scroll\">Rul<\/button>\r\n  <\/div>\r\n<\/section>\r\n\n\n<section\r\n  class=\"module textContent \r\n  smallerLeftText\">\r\n  <div class=\"container slim\">\r\n        <div class=\"text\">\r\n      <h2>En fl\u00e5de til alle slags projekter<\/h2>\n    <\/div>\r\n    <div class=\"text\"><p>Uanset lokation, betingelser og operationelle krav, tilbyder Rohde Nielsen en st\u00e6rk organisation og de n\u00f8dvendige enheder, s\u00e5 arbejdet altid udf\u00f8res optimalt, til tiden og med omtanke for det milj\u00f8, vi arbejder med.<\/p>\n<p>Vores man\u00f8vredygtige skibe med lav dybgang er i stand til at arbejde t\u00e6t p\u00e5 kysten. Nogle af vores enheder er med tiden blevet ombygget og forst\u00e6rket, s\u00e5 de alle har den mest avancerede teknologi ombord. Det g\u00f8r dem i stand til at operere i selv de mest udfordrende forhold.<\/p>\n<p>Disse h\u00f8jteknologiske l\u00f8sninger, en velholdt og p\u00e5lidelig fl\u00e5de samt striks logistisk overblik er nogle af de n\u00f8glefaktorer, der g\u00f8r det muligt for vores dedikerede medarbejdere og s\u00f8folk altid at n\u00e5 deadlines til tiden \u2013 og inden for budgettet.<\/p>\n<\/div>  <\/div>\r\n<\/section>\n\n<section class=\"module tiles\">\r\n  \r\n  <div class=\"tiles__container tiles--four-col\">\r\n    <div class=\"tiles__item\">\r\n      <div class=\"tiles__introText\">\r\n                <h3>St\u00e6rke og p\u00e5lidelige enheder<\/h3>\r\n        <p>Dyk ned i vores fl\u00e5de og se, hvordan vi kan l\u00f8se opgaven.<\/p>\n      <\/div>\r\n    <\/div>\r\n            <div class=\"tiles__item lazy\" data-bg=\"https:\/\/rohde-nielsen.com\/wp-content\/uploads\/2024\/05\/Activity_Thumbnail_Hopper_and_grab_dredger@2x.png\" loading=\"lazy\">\r\n          <div class=\"tiles__text\">\r\n            <h3>Sandsugere og grab dredgers<\/h3>\r\n            <div class=\"desc\">\r\n              <div class=\"inner\">\r\n                <p>Sandsugere og grab dredgers, der alle kan tilpasses projektspecifikke krav.<\/p>\n     \r\n                  <a href=\"https:\/\/rohde-nielsen.com\/da\/flaade\/sandsugere-og-grab-dredgers\/\"  class=\"cta-link\">L\u00e6r mere<\/a>\r\n              <\/div>\r\n            <\/div>\r\n          <\/div>\r\n    <\/div>\r\n              <div class=\"tiles__item lazy\" data-bg=\"https:\/\/rohde-nielsen.com\/wp-content\/uploads\/2024\/05\/Activity_Thumbnail_Multi-purpose-vessels@2x.png\" loading=\"lazy\">\r\n          <div class=\"tiles__text\">\r\n            <h3>Mulitifunktionelle enheder<\/h3>\r\n            <div class=\"desc\">\r\n              <div class=\"inner\">\r\n                <p>Kraftfulde grab dredgers med fallpipe specialdesignede til trench dredging og backfilling samt  andre offshoreaktiviteter.<\/p>\n     \r\n                  <a href=\"https:\/\/rohde-nielsen.com\/da\/flaade\/multi-funktionelle-skibe\/\"  class=\"cta-link\">L\u00e6r mere<\/a>\r\n              <\/div>\r\n            <\/div>\r\n          <\/div>\r\n    <\/div>\r\n              <div class=\"tiles__item lazy\" data-bg=\"https:\/\/rohde-nielsen.com\/wp-content\/uploads\/2024\/05\/Activity_Thumbnail_Backhoe-dredger@2x.png\" loading=\"lazy\">\r\n          <div class=\"tiles__text\">\r\n            <h3>Hydrauliske gravemaskiner<\/h3>\r\n            <div class=\"desc\">\r\n              <div class=\"inner\">\r\n                <p>Effektive hydrauliske gravemaskiner, der alle tilbyder milj\u00f8ansvarlige uddybning.<\/p>\n     \r\n                  <a href=\"https:\/\/rohde-nielsen.com\/da\/flaade\/hydrauliske-gravemaskiner\/\"  class=\"cta-link\">L\u00e6r mere<\/a>\r\n              <\/div>\r\n            <\/div>\r\n          <\/div>\r\n    <\/div>\r\n              <div class=\"tiles__item lazy\" data-bg=\"https:\/\/rohde-nielsen.com\/wp-content\/uploads\/2024\/05\/Activity_Thumbnail_Bucket-dredger@2x.png\" loading=\"lazy\">\r\n          <div class=\"tiles__text\">\r\n            <h3>Spandk\u00e6demaskiner<\/h3>\r\n            <div class=\"desc\">\r\n              <div class=\"inner\">\r\n                <p>H\u00f8j pr\u00e6cision og lav sedimentation sikrer, at vores spandk\u00e6demaskiner kan efterleve strenge milj\u00f8krav.<\/p>\n     \r\n                  <a href=\"https:\/\/rohde-nielsen.com\/da\/flaade\/spandkaedemaskiner\/\"  class=\"cta-link\">L\u00e6r mere<\/a>\r\n              <\/div>\r\n            <\/div>\r\n          <\/div>\r\n    <\/div>\r\n              <div class=\"tiles__item lazy\" data-bg=\"https:\/\/rohde-nielsen.com\/wp-content\/uploads\/2024\/05\/Activity_Thumbnail_Hopper@2x.png\" loading=\"lazy\">\r\n          <div class=\"tiles__text\">\r\n            <h3>Pramme<\/h3>\r\n            <div class=\"desc\">\r\n              <div class=\"inner\">\r\n                <p>Vores pramme kan anvendes til et bredt udvalg af projekter og levere en kontinuerlig og effektiv st\u00f8tte til station\u00e6re enheder.<\/p>\n     \r\n                  <a href=\"https:\/\/rohde-nielsen.com\/da\/flaade\/pramme\/\"  class=\"cta-link\">L\u00e6r mere<\/a>\r\n              <\/div>\r\n            <\/div>\r\n          <\/div>\r\n    <\/div>\r\n              <div class=\"tiles__item lazy\" data-bg=\"https:\/\/rohde-nielsen.com\/wp-content\/uploads\/2024\/05\/Activity_Thumbnail_Barge-unloaders@2x.png\" loading=\"lazy\">\r\n          <div class=\"tiles__text\">\r\n            <h3>Pumpestationer<\/h3>\r\n            <div class=\"desc\">\r\n              <div class=\"inner\">\r\n                <p>Flere kyst- og offshoremuligheder for at pumpe materialer i land med vores pumpestationer.<\/p>\n     \r\n                  <a href=\"https:\/\/rohde-nielsen.com\/da\/flaade\/pumpestationer\/\"  class=\"cta-link\">L\u00e6r mere<\/a>\r\n              <\/div>\r\n            <\/div>\r\n          <\/div>\r\n    <\/div>\r\n              <div class=\"tiles__item lazy\" data-bg=\"https:\/\/rohde-nielsen.com\/wp-content\/uploads\/2024\/05\/Activity_Thumbnail_Tug-boats@2x.png\" loading=\"lazy\">\r\n          <div class=\"tiles__text\">\r\n            <h3> Sl\u00e6be- og pejleenheder<\/h3>\r\n            <div class=\"desc\">\r\n              <div class=\"inner\">\r\n                <p>En alsidig fl\u00e5de af sl\u00e6be- og pejleenheder til effektiv bugsering, detaljeret survey og operationel pr\u00e6cision. <\/p>\n     \r\n                  <a href=\"https:\/\/rohde-nielsen.com\/da\/flaade\/slaebe-og-pejleenheder\/\"  class=\"cta-link\">L\u00e6r mere<\/a>\r\n              <\/div>\r\n            <\/div>\r\n          <\/div>\r\n    <\/div>\r\n        <\/div>\r\n<\/section>\n\n<section class=\"module imageAndText bgWhite\">\r\n  <div class=\"container\">\r\n      <figure class=\"imageAndText__image\">\r\n      <img\r\n        class=\"lazy\"\r\n        data-src=\"https:\/\/rohde-nielsen.com\/wp-content\/uploads\/2024\/05\/workingman.png\"\r\n                alt=\"\"\r\n      \/>\r\n    <\/figure>\r\n        <div class=\"imageAndText__text\">\r\n      <h2>Et v\u00e6rft i vores egen baghave<\/h2>\n<p>Med vores eget v\u00e6rft til reparationer, ombygninger, vedligehold samt et logistikcenter i Grenaa, Danmark, kan vi st\u00f8tte vores fl\u00e5de n\u00e5r som helst og hvor som helst for at opretholde effektiviteten, minimere stilstand og im\u00f8dekomme vores kunders behov.<\/p>\n    <\/div>\r\n  <\/div>\r\n<\/section>\n\n<section class=\"module breaker \">\r\n  <h2>Projekter verden over<\/h2>  <lottie-player\r\n    id=\"69ea0421d9b6a\"\r\n    src=\"https:\/\/rohde-nielsen.com\/wp-content\/uploads\/2024\/08\/RN_2024_CP03_Web-design_Map_1921x987_v0185.json\"\r\n    background=\"transparent\"\r\n    speed=\"1\"\r\n    class=\"lottie\"\r\n    loop    autoplay\r\n  >\r\n  <\/lottie-player>\r\n<\/section>\n\n<section class=\"module tiles\">\r\n  \r\n  <div class=\"tiles__container \">\r\n    <div class=\"tiles__item\">\r\n      <div class=\"tiles__introText\">\r\n                <h3>Din foretrukne marineentrepren\u00f8r<\/h3>\r\n        <p>Vi str\u00e6ber efter at fastholde vores position som en af de st\u00f8rste dredging- og marineentrepren\u00f8rer i Europa og som en foretrukken partner verden over.<\/p>\n      <\/div>\r\n    <\/div>\r\n            <div class=\"tiles__item lazy\" data-bg=\"https:\/\/rohde-nielsen.com\/wp-content\/uploads\/2024\/05\/Visual12_Hopper_Grab_Dredgers.jpg\" loading=\"lazy\">\r\n          <div class=\"tiles__text\">\r\n            <h3>Kystsikring<\/h3>\r\n            <div class=\"desc\">\r\n              <div class=\"inner\">\r\n                <p>Vi etablerer, bevarer og genopretter kystlinjer og strande. Alt sammen for at bevare og beskytte livet langs kysten.<\/p>\n     \r\n                  <a href=\"https:\/\/rohde-nielsen.com\/da\/aktiviteter\/kystsikring\/\"  class=\"cta-link\">L\u00e6r mere<\/a>\r\n              <\/div>\r\n            <\/div>\r\n          <\/div>\r\n    <\/div>\r\n              <div class=\"tiles__item lazy\" data-bg=\"https:\/\/rohde-nielsen.com\/wp-content\/uploads\/2024\/05\/projects-hero-scaled-e1714999584713.jpg\" loading=\"lazy\">\r\n          <div class=\"tiles__text\">\r\n            <h3>Landindvinding<\/h3>\r\n            <div class=\"desc\">\r\n              <div class=\"inner\">\r\n                <p>Vi bygger et sikkert fundament for fremtidens byer og  global industri. <\/p>\n     \r\n                  <a href=\"https:\/\/rohde-nielsen.com\/da\/aktiviteter\/landindvinding\/\"  class=\"cta-link\">L\u00e6r mere<\/a>\r\n              <\/div>\r\n            <\/div>\r\n          <\/div>\r\n    <\/div>\r\n              <div class=\"tiles__item lazy\" data-bg=\"https:\/\/rohde-nielsen.com\/wp-content\/uploads\/2024\/05\/Capital_maintenance_dredging-hero-scaled.jpg\" loading=\"lazy\">\r\n          <div class=\"tiles__text\">\r\n            <h3>Uddybning og oprensning<\/h3>\r\n            <div class=\"desc\">\r\n              <div class=\"inner\">\r\n                <p>Vi udvikler og vedligeholder sejlrender over hele verden for at underst\u00f8tte \u00f8konomisk v\u00e6kst og skibstrafik.<\/p>\n     \r\n                  <a href=\"https:\/\/rohde-nielsen.com\/da\/aktiviteter\/uddybning-oprensning\/\"  class=\"cta-link\">L\u00e6r mere<\/a>\r\n              <\/div>\r\n            <\/div>\r\n          <\/div>\r\n    <\/div>\r\n              <div class=\"tiles__item lazy\" data-bg=\"https:\/\/rohde-nielsen.com\/wp-content\/uploads\/2024\/05\/Offshore-services_hero-scaled.jpg\" loading=\"lazy\">\r\n          <div class=\"tiles__text\">\r\n            <h3>Offshore<\/h3>\r\n            <div class=\"desc\">\r\n              <div class=\"inner\">\r\n                <p>Uanset om vi laver trench dredging og backfilling, klarg\u00f8ring af havbunden eller steninstallation, arbejder vi med pr\u00e6cision for at bringe energi til lands.<\/p>\n     \r\n                  <a href=\"https:\/\/rohde-nielsen.com\/da\/aktiviteter\/offshore\/\"  class=\"cta-link\">L\u00e6r mere<\/a>\r\n              <\/div>\r\n            <\/div>\r\n          <\/div>\r\n    <\/div>\r\n              <div class=\"tiles__item lazy\" data-bg=\"https:\/\/rohde-nielsen.com\/wp-content\/uploads\/2024\/08\/Port-Development-v2-hero.jpg\" loading=\"lazy\">\r\n          <div class=\"tiles__text\">\r\n            <h3>Havneudvikling<\/h3>\r\n            <div class=\"desc\">\r\n              <div class=\"inner\">\r\n                <p>Udvikling og udvidelse af havne og sejlrender i hele verden.<\/p>\n     \r\n                  <a href=\"https:\/\/rohde-nielsen.com\/da\/aktiviteter\/havneudvikling\/\"  class=\"cta-link\">L\u00e6r mere<\/a>\r\n              <\/div>\r\n            <\/div>\r\n          <\/div>\r\n    <\/div>\r\n        <\/div>\r\n<\/section>\n\n<section class=\"promo\">\r\n  <div class=\"promo__bg\">\r\n    <div class=\"imageBg\">\r\n      <div class=\"lazy\" data-bg=\"https:\/\/rohde-nielsen.com\/wp-content\/uploads\/2024\/05\/promo1.jpg\"><\/div>\r\n    <\/div>\r\n    <div class=\"imageBg mobile\">\r\n      <div class=\"lazy\" data-bg=\"https:\/\/rohde-nielsen.com\/wp-content\/uploads\/2024\/05\/Promo-_-Module-_-Contact@2x45.jpg\"><\/div>\r\n    <\/div>\r\n  <\/div>\r\n  <div class=\"container\">\r\n    <div class=\"promo__text\">\r\n      <h2>Kontakt os om dit n\u00e6ste projekt<\/h2><p>Vil du h\u00f8re mere om os, og hvordan vores fl\u00e5de kan underst\u00f8tte dit projekt, kan du kontakte os nedenfor.<\/p>\n          <a class=\"cta-link\" href=\"https:\/\/rohde-nielsen.com\/da\/kontakt\">Kontakt os<\/a>\r\n            <\/div>\r\n  <\/div>\r\n<\/section>","protected":false},"excerpt":{"rendered":"","protected":false},"author":2,"featured_media":0,"parent":0,"menu_order":0,"comment_status":"closed","ping_status":"closed","template":"","meta":{"_acf_changed":true,"footnotes":""},"class_list":["post-1626","page","type-page","status-publish","hentry"],"acf":[],"yoast_head":"<!-- This site is optimized with the Yoast SEO plugin v22.8 - https:\/\/yoast.com\/wordpress\/plugins\/seo\/ -->\n<title>Oversigt over fl\u00e5den - Rohde Nielsen<\/title>\n<meta name=\"robots\" content=\"index, follow, max-snippet:-1, max-image-preview:large, max-video-preview:-1\" \/>\n<link rel=\"canonical\" href=\"https:\/\/rohde-nielsen.com\/da\/flaade\/\" \/>\n<meta property=\"og:locale\" content=\"da_DK\" \/>\n<meta property=\"og:type\" content=\"article\" \/>\n<meta property=\"og:title\" content=\"Oversigt over fl\u00e5den - Rohde Nielsen\" \/>\n<meta property=\"og:url\" content=\"https:\/\/rohde-nielsen.com\/da\/flaade\/\" \/>\n<meta property=\"og:site_name\" content=\"Rohde Nielsen\" \/>\n<meta property=\"article:modified_time\" content=\"2025-10-03T12:00:53+00:00\" \/>\n<meta name=\"twitter:card\" content=\"summary_large_image\" \/>\n<script type=\"application\/ld+json\" class=\"yoast-schema-graph\">{\"@context\":\"https:\/\/schema.org\",\"@graph\":[{\"@type\":\"WebPage\",\"@id\":\"https:\/\/rohde-nielsen.com\/da\/flaade\/\",\"url\":\"https:\/\/rohde-nielsen.com\/da\/flaade\/\",\"name\":\"Oversigt over fl\u00e5den - Rohde Nielsen\",\"isPartOf\":{\"@id\":\"https:\/\/rohde-nielsen.com\/da\/#website\"},\"datePublished\":\"2024-04-25T09:59:49+00:00\",\"dateModified\":\"2025-10-03T12:00:53+00:00\",\"breadcrumb\":{\"@id\":\"https:\/\/rohde-nielsen.com\/da\/flaade\/#breadcrumb\"},\"inLanguage\":\"da-DK\",\"potentialAction\":[{\"@type\":\"ReadAction\",\"target\":[\"https:\/\/rohde-nielsen.com\/da\/flaade\/\"]}]},{\"@type\":\"BreadcrumbList\",\"@id\":\"https:\/\/rohde-nielsen.com\/da\/flaade\/#breadcrumb\",\"itemListElement\":[{\"@type\":\"ListItem\",\"position\":1,\"name\":\"Hjem\",\"item\":\"https:\/\/rohde-nielsen.com\/da\/\"},{\"@type\":\"ListItem\",\"position\":2,\"name\":\"Oversigt over fl\u00e5den\"}]},{\"@type\":\"WebSite\",\"@id\":\"https:\/\/rohde-nielsen.com\/da\/#website\",\"url\":\"https:\/\/rohde-nielsen.com\/da\/\",\"name\":\"Rohde Nielsen\",\"description\":\"\",\"publisher\":{\"@id\":\"https:\/\/rohde-nielsen.com\/da\/#organization\"},\"potentialAction\":[{\"@type\":\"SearchAction\",\"target\":{\"@type\":\"EntryPoint\",\"urlTemplate\":\"https:\/\/rohde-nielsen.com\/da\/?s={search_term_string}\"},\"query-input\":\"required name=search_term_string\"}],\"inLanguage\":\"da-DK\"},{\"@type\":\"Organization\",\"@id\":\"https:\/\/rohde-nielsen.com\/da\/#organization\",\"name\":\"Rohde Nielsen\",\"url\":\"https:\/\/rohde-nielsen.com\/da\/\",\"logo\":{\"@type\":\"ImageObject\",\"inLanguage\":\"da-DK\",\"@id\":\"https:\/\/rohde-nielsen.com\/da\/#\/schema\/logo\/image\/\",\"url\":\"https:\/\/rohde-nielsen.com\/wp-content\/uploads\/2024\/05\/rohde.svg\",\"contentUrl\":\"https:\/\/rohde-nielsen.com\/wp-content\/uploads\/2024\/05\/rohde.svg\",\"caption\":\"Rohde Nielsen\"},\"image\":{\"@id\":\"https:\/\/rohde-nielsen.com\/da\/#\/schema\/logo\/image\/\"}}]}<\/script>\n<!-- \/ Yoast SEO plugin. -->","yoast_head_json":{"title":"Oversigt over fl\u00e5den - Rohde Nielsen","robots":{"index":"index","follow":"follow","max-snippet":"max-snippet:-1","max-image-preview":"max-image-preview:large","max-video-preview":"max-video-preview:-1"},"canonical":"https:\/\/rohde-nielsen.com\/da\/flaade\/","og_locale":"da_DK","og_type":"article","og_title":"Oversigt over fl\u00e5den - Rohde Nielsen","og_url":"https:\/\/rohde-nielsen.com\/da\/flaade\/","og_site_name":"Rohde Nielsen","article_modified_time":"2025-10-03T12:00:53+00:00","twitter_card":"summary_large_image","schema":{"@context":"https:\/\/schema.org","@graph":[{"@type":"WebPage","@id":"https:\/\/rohde-nielsen.com\/da\/flaade\/","url":"https:\/\/rohde-nielsen.com\/da\/flaade\/","name":"Oversigt over fl\u00e5den - Rohde Nielsen","isPartOf":{"@id":"https:\/\/rohde-nielsen.com\/da\/#website"},"datePublished":"2024-04-25T09:59:49+00:00","dateModified":"2025-10-03T12:00:53+00:00","breadcrumb":{"@id":"https:\/\/rohde-nielsen.com\/da\/flaade\/#breadcrumb"},"inLanguage":"da-DK","potentialAction":[{"@type":"ReadAction","target":["https:\/\/rohde-nielsen.com\/da\/flaade\/"]}]},{"@type":"BreadcrumbList","@id":"https:\/\/rohde-nielsen.com\/da\/flaade\/#breadcrumb","itemListElement":[{"@type":"ListItem","position":1,"name":"Hjem","item":"https:\/\/rohde-nielsen.com\/da\/"},{"@type":"ListItem","position":2,"name":"Oversigt over fl\u00e5den"}]},{"@type":"WebSite","@id":"https:\/\/rohde-nielsen.com\/da\/#website","url":"https:\/\/rohde-nielsen.com\/da\/","name":"Rohde Nielsen","description":"","publisher":{"@id":"https:\/\/rohde-nielsen.com\/da\/#organization"},"potentialAction":[{"@type":"SearchAction","target":{"@type":"EntryPoint","urlTemplate":"https:\/\/rohde-nielsen.com\/da\/?s={search_term_string}"},"query-input":"required name=search_term_string"}],"inLanguage":"da-DK"},{"@type":"Organization","@id":"https:\/\/rohde-nielsen.com\/da\/#organization","name":"Rohde Nielsen","url":"https:\/\/rohde-nielsen.com\/da\/","logo":{"@type":"ImageObject","inLanguage":"da-DK","@id":"https:\/\/rohde-nielsen.com\/da\/#\/schema\/logo\/image\/","url":"https:\/\/rohde-nielsen.com\/wp-content\/uploads\/2024\/05\/rohde.svg","contentUrl":"https:\/\/rohde-nielsen.com\/wp-content\/uploads\/2024\/05\/rohde.svg","caption":"Rohde Nielsen"},"image":{"@id":"https:\/\/rohde-nielsen.com\/da\/#\/schema\/logo\/image\/"}}]}},"_links":{"self":[{"href":"https:\/\/rohde-nielsen.com\/da\/wp-json\/wp\/v2\/pages\/1626","targetHints":{"allow":["GET"]}}],"collection":[{"href":"https:\/\/rohde-nielsen.com\/da\/wp-json\/wp\/v2\/pages"}],"about":[{"href":"https:\/\/rohde-nielsen.com\/da\/wp-json\/wp\/v2\/types\/page"}],"author":[{"embeddable":true,"href":"https:\/\/rohde-nielsen.com\/da\/wp-json\/wp\/v2\/users\/2"}],"replies":[{"embeddable":true,"href":"https:\/\/rohde-nielsen.com\/da\/wp-json\/wp\/v2\/comments?post=1626"}],"version-history":[{"count":0,"href":"https:\/\/rohde-nielsen.com\/da\/wp-json\/wp\/v2\/pages\/1626\/revisions"}],"wp:attachment":[{"href":"https:\/\/rohde-nielsen.com\/da\/wp-json\/wp\/v2\/media?parent=1626"}],"curies":[{"name":"wp","href":"https:\/\/api.w.org\/{rel}","templated":true}]}}