{"id":1629,"date":"2024-05-06T07:05:20","date_gmt":"2024-05-06T07:05:20","guid":{"rendered":"https:\/\/rohdenielsen2.wpenginepowered.com\/genindvinding-af-jord\/"},"modified":"2024-11-27T11:42:28","modified_gmt":"2024-11-27T11:42:28","slug":"landindvinding","status":"publish","type":"page","link":"https:\/\/rohde-nielsen.com\/da\/aktiviteter\/landindvinding\/","title":{"rendered":"Landindvinding"},"content":{"rendered":"<section class=\"hero \">\r\n  <div class=\"hero__bg\" \r\n    id=\"herovideo\"\r\n    data-video-id=\"\">\r\n    <div class=\"imageBg\">\r\n      <div class=\"lazy\" data-bg=\"https:\/\/rohde-nielsen.com\/wp-content\/uploads\/2024\/05\/Hero-_-Module-7.png\"><\/div>\r\n    <\/div>\r\n    <div class=\"imageBg mobile\">\r\n      <div class=\"lazy\" data-bg=\"https:\/\/rohde-nielsen.com\/wp-content\/uploads\/2024\/05\/Land-reclamation-mobile.jpg\"><\/div>\r\n    <\/div>\r\n  <\/div>\r\n  <div class=\"container\">\r\n    <div class=\"hero__text hero__text--left\">\r\n      <div>\r\n        <h1>Landindvinding<\/h1><p class=\"hero__description\">Vi bygger et sikkert fundament for fremtidens byer og global industri. <\/p>      <\/div>\r\n    <\/div>\r\n    <button class=\"scroll\">Rul<\/button>\r\n  <\/div>\r\n<\/section>\r\n\n\n<section\r\n  class=\"module textContent \r\n  smallerLeftText\">\r\n  <div class=\"container slim\">\r\n        <div class=\"text\">\r\n      <h2>Vi er eksperter i omkostningseffektiv landindvinding<\/h2>\n    <\/div>\r\n    <div class=\"text\"><p>Overbefolkning, v\u00e6kst i industrien og behovet for at beskytte milj\u00f8et tvinger mange lande til at indd\u00e6mme floder og indvinde land fra havet. En af Rohde Nielsens kerneydelser er landindvinding til havne, boligomr\u00e5der, \u00f8er og klimasikring.<\/p>\n<p>Vi s\u00e6tter en \u00e6re i vores globale lean-organisation med klar og tydelig kommunikation og effektive beslutningsprocesser. Vi opdaterer l\u00f8bende vores projektprocesser, s\u00e5 vi opn\u00e5r maksimal driftssikkerhed og effektivitet af hensyn til vores kunders tilfredshed.<\/p>\n<p>Til landinvindingsprojekter stiller Rohde Nielsen en alsidig fl\u00e5de til r\u00e5dighed, som opereres af et kompetent mandskab, der arbejder h\u00e5rdt for at sikre kort responstid, dedikation og klare aftaler uanset projektets omfang.<\/p>\n<\/div>  <\/div>\r\n<\/section>\n\n<section class=\"module carousel\">\r\n  <div class=\"container slim\">\r\n    <h2>Udvalgte landindvindingsprojekter <\/h2>\r\n\r\n    <div class=\"carousel__cta\">\r\n      <a href=\"https:\/\/rohde-nielsen.com\/da\/projekter\" class=\"cta-link\">Se alle projekter<\/a>\r\n    <\/div>\r\n    <div class=\"owl-carousel owl-theme\">\r\n                            <div  class=\"card\">\r\n                        <div class=\"card__bg lazy\" data-bg=\"https:\/\/rohde-nielsen.com\/wp-content\/uploads\/2024\/05\/Kerawalapitiya-card.jpg\"><\/div>\r\n                        <div class=\"card__headline\">\r\n                            <h3>Kerawalapitiya<\/h3>\r\n                            <a href=\"https:\/\/rohde-nielsen.com\/da\/projekter\/kerawalapitiya\/\" class=\"cta\">Udforsk projektet<\/a>\r\n                        <\/div>\r\n\r\n                        <div class=\"card__content\">\r\n                            <div class=\"inner\">\r\n                                <p>\r\n                                    <strong>Form\u00e5l:<\/strong><br \/>\r\n                                    Sandudvinding og -pumpning til genindvinding og oplagring&#8230;                                <\/p>\r\n                                <dl>\r\n                                    <dt>Beliggenhed:<\/dt>\r\n                                    <dd>Kerawalapitiya, Sri Lanka<\/dd>\r\n\r\n                                    <dt>Omfang:<\/dt>\r\n                                    <dd>3.450.000 m3<\/dd>\r\n\r\n                                    <dt>Kunde:<\/dt>\r\n                                    <dd>Sri Lanka Land Reclamation &amp; Dev. Corp.<\/dd>\r\n\r\n                                    <dt>\u00c5r:<\/dt>\r\n                                    <dd>2018-2020<\/dd>\r\n                                <\/dl>\r\n                            <\/div>\r\n                        <\/div>\r\n                    <\/div>\r\n                                    <div  class=\"card\">\r\n                        <div class=\"card__bg lazy\" data-bg=\"https:\/\/rohde-nielsen.com\/wp-content\/uploads\/2024\/05\/frederikshavn-port-1.jpg\"><\/div>\r\n                        <div class=\"card__headline\">\r\n                            <h3>Frederikshavn Havn<\/h3>\r\n                            <a href=\"https:\/\/rohde-nielsen.com\/da\/projekter\/frederikshavn-havn\/\" class=\"cta\">Udforsk projektet<\/a>\r\n                        <\/div>\r\n\r\n                        <div class=\"card__content\">\r\n                            <div class=\"inner\">\r\n                                <p>\r\n                                    <strong>Form\u00e5l:<\/strong><br \/>\r\n                                    Landindvending p\u00e5 i alt 360.000 kvadratmeter&#8230;                                <\/p>\r\n                                <dl>\r\n                                    <dt>Beliggenhed:<\/dt>\r\n                                    <dd>Frederikshavn, Danmark<\/dd>\r\n\r\n                                    <dt>Omfang:<\/dt>\r\n                                    <dd>3.220.000 m3<\/dd>\r\n\r\n                                    <dt>Kunde:<\/dt>\r\n                                    <dd>Frederikshavn Havn<\/dd>\r\n\r\n                                    <dt>\u00c5r:<\/dt>\r\n                                    <dd>2016-2018<\/dd>\r\n                                <\/dl>\r\n                            <\/div>\r\n                        <\/div>\r\n                    <\/div>\r\n                                    <div  class=\"card\">\r\n                        <div class=\"card__bg lazy\" data-bg=\"https:\/\/rohde-nielsen.com\/wp-content\/uploads\/2024\/05\/esbjerg-port-1.jpg\"><\/div>\r\n                        <div class=\"card__headline\">\r\n                            <h3>Esbjerg Havn<\/h3>\r\n                            <a href=\"https:\/\/rohde-nielsen.com\/da\/projekter\/esbjerg-havn\/\" class=\"cta\">Udforsk projektet<\/a>\r\n                        <\/div>\r\n\r\n                        <div class=\"card__content\">\r\n                            <div class=\"inner\">\r\n                                <p>\r\n                                    <strong>Form\u00e5l:<\/strong><br \/>\r\n                                    Indvinde landomr\u00e5derne bag kajerne og \u00f8ge navigationsdybden&#8230;                                <\/p>\r\n                                <dl>\r\n                                    <dt>Beliggenhed:<\/dt>\r\n                                    <dd>Esbjerg, Danmark<\/dd>\r\n\r\n                                    <dt>Omfang:<\/dt>\r\n                                    <dd>1.100.000 m3<\/dd>\r\n\r\n                                    <dt>Kunde:<\/dt>\r\n                                    <dd>Esbjerg Havn<\/dd>\r\n\r\n                                    <dt>\u00c5r:<\/dt>\r\n                                    <dd>2016-2017<\/dd>\r\n                                <\/dl>\r\n                            <\/div>\r\n                        <\/div>\r\n                    <\/div>\r\n                    <\/div>\r\n  <\/div>\r\n<\/section>\n\n<section\r\n  class=\"module textContent \r\n  smallerLeftText\">\r\n  <div class=\"container slim\">\r\n        <div class=\"textContent__bg\">\r\n      <lottie-player\r\n        src=\"https:\/\/rohde-nielsen.com\/wp-content\/uploads\/2024\/05\/web-breaker.json\"\r\n        background=\"transparent\"\r\n        speed=\"1\"\r\n        class=\"lottie\"\r\n        loop\r\n        autoplay\r\n      >\r\n      <\/lottie-player>\r\n    <\/div>\r\n        <div class=\"text\">\r\n      <h2>Vi indvinder land<\/h2>\n<h2>med nogle af de bedste<\/h2>\n<h2>metoder til s\u00f8s<\/h2>\n    <\/div>\r\n    <div class=\"text\"><p>Efter mange \u00e5rs arbejde og erfaringer har vi udviklet flere effektive og milj\u00f8m\u00e6ssigt b\u00e6redygtige metoder til landindvinding.<\/p>\n<p>En af l\u00f8sningerne er at anvende den s\u00e5kaldte regnbuemetode, hvor<br \/>\nindvundet materiale spr\u00f8jtes ud p\u00e5 indvindingsomr\u00e5det fra skibets st\u00e6vn. En anden metode er at klappe materiale af ved hj\u00e6lp af vores splitpramme. Vi kan ogs\u00e5 pumpe indvundet materiale hen til en specifik placering ved hj\u00e6lp af flydende eller neds\u00e6nkede r\u00f8rledninger.<\/p>\n<p>Uanset placering p\u00e5 land eller til s\u00f8s, kan vi med vores boostere pumpe over lange afstande. Vores fl\u00e5de g\u00f8r os desuden i stand til at indvinde alle jordtyper og sikre materiale af h\u00f8j kvalitet uanset forhold.<\/p>\n<p>Vi str\u00e6ber efter altid at tilbyde de mest effektive og b\u00e6redygtige l\u00f8sninger til vores kunder. Derfor tilbyder vi ogs\u00e5 at genanvende indvundet jord fra uddybningsaktiviteter til landindvindingsprojekter.<\/p>\n<p>&nbsp;<\/p>\n<\/div>  <\/div>\r\n<\/section>\n\n<section class=\"module breaker \">\r\n  <h2>Projekter over hele verden<\/h2>  <lottie-player\r\n    id=\"69fded9e2831e\"\r\n    src=\"https:\/\/rohde-nielsen.com\/wp-content\/uploads\/2024\/11\/RN_2024_CP03Web_design_map_1920x600_V04.json\"\r\n    background=\"transparent\"\r\n    speed=\"1\"\r\n    class=\"lottie\"\r\n    loop    autoplay\r\n  >\r\n  <\/lottie-player>\r\n<\/section>\n\n<section class=\"module imageAndText bgSand\">\r\n  <div class=\"container\">\r\n      <figure class=\"imageAndText__image\">\r\n      <img\r\n        class=\"lazy\"\r\n        data-src=\"https:\/\/rohde-nielsen.com\/wp-content\/uploads\/2024\/05\/imagetext.png\"\r\n        data-srcset=\"https:\/\/rohde-nielsen.com\/wp-content\/uploads\/2024\/05\/Hero-_-Module-_-Mobile-1.png 460w, https:\/\/rohde-nielsen.com\/wp-content\/uploads\/2024\/05\/imagetext.png\" data-sizes=\"(max-width: 500px) 460px, (min-width: 501px) 100vw\"        alt=\"\"\r\n      \/>\r\n    <\/figure>\r\n        <div class=\"imageAndText__text\">\r\n      <h2>Indvinding af land med en alsidig fl\u00e5de<\/h2>\n<p style=\"font-weight: 400\">Rohde Nielsen r\u00e5der over en moderne og stor fl\u00e5de af alsidige enheder, der opererer over hele verden. Udstyret med den nyeste teknologi og b\u00e6redygtige metoder kan vi gennemf\u00f8re selv de mest udfordrende landindvindingsprojekter.<\/p>\n<a href=\"https:\/\/rohde-nielsen.com\/da\/flaade\/\"class=\"cta-link\" >Se vores fl\u00e5de<\/a>    <\/div>\r\n  <\/div>\r\n<\/section>\n\n<section class=\"module tiles\">\r\n  \r\n  <div class=\"tiles__container \">\r\n    <div class=\"tiles__item\">\r\n      <div class=\"tiles__introText\">\r\n                <h3>Din foretrukne marineentrepren\u00f8r<\/h3>\r\n        <p>Vi str\u00e6ber efter at fastholde vores position som en af de st\u00f8rste dredging- og marineentrepren\u00f8rer i Europa og som en foretrukken partner verden over.<\/p>\n      <\/div>\r\n    <\/div>\r\n            <div class=\"tiles__item lazy\" data-bg=\"https:\/\/rohde-nielsen.com\/wp-content\/uploads\/2024\/05\/Visual12_Hopper_Grab_Dredgers.jpg\" loading=\"lazy\">\r\n          <div class=\"tiles__text\">\r\n            <h3>Kystsikring<\/h3>\r\n            <div class=\"desc\">\r\n              <div class=\"inner\">\r\n                <p>Vi etablerer, bevarer og genopretter kystlinjer og strande. Alt sammen for at bevare og beskytte livet langs kysten.<\/p>\n     \r\n                  <a href=\"https:\/\/rohde-nielsen.com\/da\/aktiviteter\/kystsikring\"  class=\"cta-link\">L\u00e6r mere<\/a>\r\n              <\/div>\r\n            <\/div>\r\n          <\/div>\r\n    <\/div>\r\n              <div class=\"tiles__item lazy\" data-bg=\"https:\/\/rohde-nielsen.com\/wp-content\/uploads\/2024\/05\/projects-hero-scaled-e1714999584713.jpg\" loading=\"lazy\">\r\n          <div class=\"tiles__text\">\r\n            <h3>Landindvinding<\/h3>\r\n            <div class=\"desc\">\r\n              <div class=\"inner\">\r\n                <p>Vi bygger et sikkert fundament for fremtidens byer og global industri. <\/p>\n     \r\n                  <a href=\"https:\/\/rohde-nielsen.com\/da\/aktiviteter\/landindvinding\/\"  class=\"cta-link\">L\u00e6r mere<\/a>\r\n              <\/div>\r\n            <\/div>\r\n          <\/div>\r\n    <\/div>\r\n              <div class=\"tiles__item lazy\" data-bg=\"https:\/\/rohde-nielsen.com\/wp-content\/uploads\/2024\/05\/Hero-_-Module-5.png\" loading=\"lazy\">\r\n          <div class=\"tiles__text\">\r\n            <h3>Uddybning og oprensning<\/h3>\r\n            <div class=\"desc\">\r\n              <div class=\"inner\">\r\n                <p>Vi udvikler og vedligeholder sejlrender over hele verden for at underst\u00f8tte \u00f8konomisk v\u00e6kst og skibstrafik.<\/p>\n     \r\n                  <a href=\"https:\/\/rohde-nielsen.com\/da\/aktiviteter\/uddybning-oprensning\/\"  class=\"cta-link\">L\u00e6r mere<\/a>\r\n              <\/div>\r\n            <\/div>\r\n          <\/div>\r\n    <\/div>\r\n              <div class=\"tiles__item lazy\" data-bg=\"https:\/\/rohde-nielsen.com\/wp-content\/uploads\/2024\/05\/Offshore-services_hero-scaled.jpg\" loading=\"lazy\">\r\n          <div class=\"tiles__text\">\r\n            <h3>Offshore<\/h3>\r\n            <div class=\"desc\">\r\n              <div class=\"inner\">\r\n                <p>Uanset om vi laver trench dredging og backfilling, klarg\u00f8ring af havbunden eller steninstallation, arbejder vi med pr\u00e6cision for at bringe energi til lands.<\/p>\n     \r\n                  <a href=\"https:\/\/rohde-nielsen.com\/da\/aktiviteter\/offshore\/\"  class=\"cta-link\">L\u00e6r mere<\/a>\r\n              <\/div>\r\n            <\/div>\r\n          <\/div>\r\n    <\/div>\r\n              <div class=\"tiles__item lazy\" data-bg=\"https:\/\/rohde-nielsen.com\/wp-content\/uploads\/2024\/08\/Port-Development-v2-hero.jpg\" loading=\"lazy\">\r\n          <div class=\"tiles__text\">\r\n            <h3>Havneudvikling\u00a0<\/h3>\r\n            <div class=\"desc\">\r\n              <div class=\"inner\">\r\n                <p>Udvikling og udvidelse af havne og sejlrender i hele verden.<\/p>\n     \r\n                  <a href=\"https:\/\/rohde-nielsen.com\/da\/aktiviteter\/havneudvikling\/\"  class=\"cta-link\">L\u00e6r mere<\/a>\r\n              <\/div>\r\n            <\/div>\r\n          <\/div>\r\n    <\/div>\r\n        <\/div>\r\n<\/section>\n\n<section class=\"promo\">\r\n  <div class=\"promo__bg\">\r\n    <div class=\"imageBg\">\r\n      <div class=\"lazy\" data-bg=\"https:\/\/rohde-nielsen.com\/wp-content\/uploads\/2024\/05\/promo1.jpg\"><\/div>\r\n    <\/div>\r\n    <div class=\"imageBg mobile\">\r\n      <div class=\"lazy\" data-bg=\"https:\/\/rohde-nielsen.com\/wp-content\/uploads\/2024\/05\/Promo-_-Module-_-Contact@2x45.jpg\"><\/div>\r\n    <\/div>\r\n  <\/div>\r\n  <div class=\"container\">\r\n    <div class=\"promo__text\">\r\n      <h2>Kontakt os om dit landindvindingsprojekt<\/h2><p>Vil du h\u00f8re mere om os, og hvordan vi kan hj\u00e6lpe dig med dit landindvindingsprojekt? Kontakt os nedenfor<\/p>\n          <a class=\"cta-link\" href=\"https:\/\/rohde-nielsen.com\/da\/kontakt\/\">Kontakt os<\/a>\r\n            <\/div>\r\n  <\/div>\r\n<\/section>","protected":false},"excerpt":{"rendered":"","protected":false},"author":5,"featured_media":0,"parent":1653,"menu_order":0,"comment_status":"closed","ping_status":"closed","template":"","meta":{"_acf_changed":true,"footnotes":""},"class_list":["post-1629","page","type-page","status-publish","hentry"],"acf":[],"yoast_head":"<!-- This site is optimized with the Yoast SEO plugin v22.8 - https:\/\/yoast.com\/wordpress\/plugins\/seo\/ -->\n<title>Landindvinding - Rohde Nielsen<\/title>\n<meta name=\"robots\" content=\"index, follow, max-snippet:-1, max-image-preview:large, max-video-preview:-1\" \/>\n<link rel=\"canonical\" href=\"https:\/\/rohde-nielsen.com\/da\/aktiviteter\/landindvinding\/\" \/>\n<meta property=\"og:locale\" content=\"da_DK\" \/>\n<meta property=\"og:type\" content=\"article\" \/>\n<meta property=\"og:title\" content=\"Landindvinding - Rohde Nielsen\" \/>\n<meta property=\"og:url\" content=\"https:\/\/rohde-nielsen.com\/da\/aktiviteter\/landindvinding\/\" \/>\n<meta property=\"og:site_name\" content=\"Rohde Nielsen\" \/>\n<meta property=\"article:modified_time\" content=\"2024-11-27T11:42:28+00:00\" \/>\n<meta name=\"twitter:card\" content=\"summary_large_image\" \/>\n<script type=\"application\/ld+json\" class=\"yoast-schema-graph\">{\"@context\":\"https:\/\/schema.org\",\"@graph\":[{\"@type\":\"WebPage\",\"@id\":\"https:\/\/rohde-nielsen.com\/da\/aktiviteter\/landindvinding\/\",\"url\":\"https:\/\/rohde-nielsen.com\/da\/aktiviteter\/landindvinding\/\",\"name\":\"Landindvinding - Rohde Nielsen\",\"isPartOf\":{\"@id\":\"https:\/\/rohde-nielsen.com\/da\/#website\"},\"datePublished\":\"2024-05-06T07:05:20+00:00\",\"dateModified\":\"2024-11-27T11:42:28+00:00\",\"breadcrumb\":{\"@id\":\"https:\/\/rohde-nielsen.com\/da\/aktiviteter\/landindvinding\/#breadcrumb\"},\"inLanguage\":\"da-DK\",\"potentialAction\":[{\"@type\":\"ReadAction\",\"target\":[\"https:\/\/rohde-nielsen.com\/da\/aktiviteter\/landindvinding\/\"]}]},{\"@type\":\"BreadcrumbList\",\"@id\":\"https:\/\/rohde-nielsen.com\/da\/aktiviteter\/landindvinding\/#breadcrumb\",\"itemListElement\":[{\"@type\":\"ListItem\",\"position\":1,\"name\":\"Hjem\",\"item\":\"https:\/\/rohde-nielsen.com\/da\/\"},{\"@type\":\"ListItem\",\"position\":2,\"name\":\"Aktiviteter\",\"item\":\"https:\/\/rohde-nielsen.com\/da\/aktiviteter\/\"},{\"@type\":\"ListItem\",\"position\":3,\"name\":\"Landindvinding\"}]},{\"@type\":\"WebSite\",\"@id\":\"https:\/\/rohde-nielsen.com\/da\/#website\",\"url\":\"https:\/\/rohde-nielsen.com\/da\/\",\"name\":\"Rohde Nielsen\",\"description\":\"\",\"publisher\":{\"@id\":\"https:\/\/rohde-nielsen.com\/da\/#organization\"},\"potentialAction\":[{\"@type\":\"SearchAction\",\"target\":{\"@type\":\"EntryPoint\",\"urlTemplate\":\"https:\/\/rohde-nielsen.com\/da\/?s={search_term_string}\"},\"query-input\":\"required name=search_term_string\"}],\"inLanguage\":\"da-DK\"},{\"@type\":\"Organization\",\"@id\":\"https:\/\/rohde-nielsen.com\/da\/#organization\",\"name\":\"Rohde Nielsen\",\"url\":\"https:\/\/rohde-nielsen.com\/da\/\",\"logo\":{\"@type\":\"ImageObject\",\"inLanguage\":\"da-DK\",\"@id\":\"https:\/\/rohde-nielsen.com\/da\/#\/schema\/logo\/image\/\",\"url\":\"https:\/\/rohde-nielsen.com\/wp-content\/uploads\/2024\/05\/rohde.svg\",\"contentUrl\":\"https:\/\/rohde-nielsen.com\/wp-content\/uploads\/2024\/05\/rohde.svg\",\"caption\":\"Rohde Nielsen\"},\"image\":{\"@id\":\"https:\/\/rohde-nielsen.com\/da\/#\/schema\/logo\/image\/\"}}]}<\/script>\n<!-- \/ Yoast SEO plugin. -->","yoast_head_json":{"title":"Landindvinding - Rohde Nielsen","robots":{"index":"index","follow":"follow","max-snippet":"max-snippet:-1","max-image-preview":"max-image-preview:large","max-video-preview":"max-video-preview:-1"},"canonical":"https:\/\/rohde-nielsen.com\/da\/aktiviteter\/landindvinding\/","og_locale":"da_DK","og_type":"article","og_title":"Landindvinding - Rohde Nielsen","og_url":"https:\/\/rohde-nielsen.com\/da\/aktiviteter\/landindvinding\/","og_site_name":"Rohde Nielsen","article_modified_time":"2024-11-27T11:42:28+00:00","twitter_card":"summary_large_image","schema":{"@context":"https:\/\/schema.org","@graph":[{"@type":"WebPage","@id":"https:\/\/rohde-nielsen.com\/da\/aktiviteter\/landindvinding\/","url":"https:\/\/rohde-nielsen.com\/da\/aktiviteter\/landindvinding\/","name":"Landindvinding - Rohde Nielsen","isPartOf":{"@id":"https:\/\/rohde-nielsen.com\/da\/#website"},"datePublished":"2024-05-06T07:05:20+00:00","dateModified":"2024-11-27T11:42:28+00:00","breadcrumb":{"@id":"https:\/\/rohde-nielsen.com\/da\/aktiviteter\/landindvinding\/#breadcrumb"},"inLanguage":"da-DK","potentialAction":[{"@type":"ReadAction","target":["https:\/\/rohde-nielsen.com\/da\/aktiviteter\/landindvinding\/"]}]},{"@type":"BreadcrumbList","@id":"https:\/\/rohde-nielsen.com\/da\/aktiviteter\/landindvinding\/#breadcrumb","itemListElement":[{"@type":"ListItem","position":1,"name":"Hjem","item":"https:\/\/rohde-nielsen.com\/da\/"},{"@type":"ListItem","position":2,"name":"Aktiviteter","item":"https:\/\/rohde-nielsen.com\/da\/aktiviteter\/"},{"@type":"ListItem","position":3,"name":"Landindvinding"}]},{"@type":"WebSite","@id":"https:\/\/rohde-nielsen.com\/da\/#website","url":"https:\/\/rohde-nielsen.com\/da\/","name":"Rohde Nielsen","description":"","publisher":{"@id":"https:\/\/rohde-nielsen.com\/da\/#organization"},"potentialAction":[{"@type":"SearchAction","target":{"@type":"EntryPoint","urlTemplate":"https:\/\/rohde-nielsen.com\/da\/?s={search_term_string}"},"query-input":"required name=search_term_string"}],"inLanguage":"da-DK"},{"@type":"Organization","@id":"https:\/\/rohde-nielsen.com\/da\/#organization","name":"Rohde Nielsen","url":"https:\/\/rohde-nielsen.com\/da\/","logo":{"@type":"ImageObject","inLanguage":"da-DK","@id":"https:\/\/rohde-nielsen.com\/da\/#\/schema\/logo\/image\/","url":"https:\/\/rohde-nielsen.com\/wp-content\/uploads\/2024\/05\/rohde.svg","contentUrl":"https:\/\/rohde-nielsen.com\/wp-content\/uploads\/2024\/05\/rohde.svg","caption":"Rohde Nielsen"},"image":{"@id":"https:\/\/rohde-nielsen.com\/da\/#\/schema\/logo\/image\/"}}]}},"_links":{"self":[{"href":"https:\/\/rohde-nielsen.com\/da\/wp-json\/wp\/v2\/pages\/1629","targetHints":{"allow":["GET"]}}],"collection":[{"href":"https:\/\/rohde-nielsen.com\/da\/wp-json\/wp\/v2\/pages"}],"about":[{"href":"https:\/\/rohde-nielsen.com\/da\/wp-json\/wp\/v2\/types\/page"}],"author":[{"embeddable":true,"href":"https:\/\/rohde-nielsen.com\/da\/wp-json\/wp\/v2\/users\/5"}],"replies":[{"embeddable":true,"href":"https:\/\/rohde-nielsen.com\/da\/wp-json\/wp\/v2\/comments?post=1629"}],"version-history":[{"count":0,"href":"https:\/\/rohde-nielsen.com\/da\/wp-json\/wp\/v2\/pages\/1629\/revisions"}],"up":[{"embeddable":true,"href":"https:\/\/rohde-nielsen.com\/da\/wp-json\/wp\/v2\/pages\/1653"}],"wp:attachment":[{"href":"https:\/\/rohde-nielsen.com\/da\/wp-json\/wp\/v2\/media?parent=1629"}],"curies":[{"name":"wp","href":"https:\/\/api.w.org\/{rel}","templated":true}]}}