{"id":1632,"date":"2024-05-06T07:25:46","date_gmt":"2024-05-06T07:25:46","guid":{"rendered":"https:\/\/rohdenielsen2.wpenginepowered.com\/udvikling-af-havnen\/"},"modified":"2024-11-27T11:41:05","modified_gmt":"2024-11-27T11:41:05","slug":"havneudvikling","status":"publish","type":"page","link":"https:\/\/rohde-nielsen.com\/da\/aktiviteter\/havneudvikling\/","title":{"rendered":"Havneudvikling\u00a0"},"content":{"rendered":"<section class=\"hero \">\r\n  <div class=\"hero__bg\" \r\n    id=\"herovideo\"\r\n    data-video-id=\"\">\r\n    <div class=\"imageBg\">\r\n      <div class=\"lazy\" data-bg=\"https:\/\/rohde-nielsen.com\/wp-content\/uploads\/2024\/08\/Port-Development-v2-hero.jpg\"><\/div>\r\n    <\/div>\r\n    <div class=\"imageBg mobile\">\r\n      <div class=\"lazy\" data-bg=\"https:\/\/rohde-nielsen.com\/wp-content\/uploads\/2024\/08\/Port-development-mobile-hero.jpg\"><\/div>\r\n    <\/div>\r\n  <\/div>\r\n  <div class=\"container\">\r\n    <div class=\"hero__text hero__text--left\">\r\n      <div>\r\n        <h1>Havneudvikling\u00a0<\/h1><p class=\"hero__description\">Udvikling og udvidelse af havne og sejlrender i hele verden.<\/p>      <\/div>\r\n    <\/div>\r\n    <button class=\"scroll\">Rul<\/button>\r\n  <\/div>\r\n<\/section>\r\n\n\n<section\r\n  class=\"module textContent \r\n  smallerLeftText\">\r\n  <div class=\"container slim\">\r\n        <div class=\"text\">\r\n      <h2>Vi styrer selv de mest komplekse projekter<\/h2>\n<h2>i den rigtige retning<\/h2>\n    <\/div>\r\n    <div class=\"text\"><p>Havneudvikling er en kompleks opgave, som kr\u00e6ver omhyggelig planl\u00e6gning, specialiseret viden og en fleksibel fl\u00e5de. Med vores mange\u00e5rige erfaring, vores fl\u00e5de af specialbyggede, alsidige enheder og vores medarbejderes kompetencer sikrer vi et effektivt projektforl\u00f8b i alt fra fyldning af s\u00e6nkekasser, landindvinding, placering af sten til uddybning og oprensning af havne.<\/p>\n<p>Med vores omfattende kompetencer inden for design, planl\u00e6gning og konstruktion af havne, er vi i stand til at h\u00e5ndtere alle slags havneudviklingsprojekter og samtidig tilgodese projekt\u00f8konomien, processforl\u00f8bet og kvaliteten af det endelige resultat. Det er ogs\u00e5 det, der g\u00f8r det muligt for os at opfylde og overg\u00e5 kundens forventninger, hvad end opgaven er.<\/p>\n<\/div>  <\/div>\r\n<\/section>\n\n<section class=\"module carousel\">\r\n  <div class=\"container slim\">\r\n    <h2>Udvalgte havneudviklingsprojekter<\/h2>\r\n\r\n    <div class=\"carousel__cta\">\r\n      <a href=\"https:\/\/rohde-nielsen.com\/da\/projekter\" class=\"cta-link\">Se alle projekter<\/a>\r\n    <\/div>\r\n    <div class=\"owl-carousel owl-theme\">\r\n                            <div  class=\"card\">\r\n                        <div class=\"card__bg lazy\" data-bg=\"https:\/\/rohde-nielsen.com\/wp-content\/uploads\/2024\/05\/Hanstholm-card-1.jpg\"><\/div>\r\n                        <div class=\"card__headline\">\r\n                            <h3>Hanstholm havn, Havneudvikling<\/h3>\r\n                            <a href=\"https:\/\/rohde-nielsen.com\/da\/projekter\/hanstholm-havn\/\" class=\"cta\">Udforsk projektet<\/a>\r\n                        <\/div>\r\n\r\n                        <div class=\"card__content\">\r\n                            <div class=\"inner\">\r\n                                <p>\r\n                                    <strong>Form\u00e5l:<\/strong><br \/>\r\n                                    Yderligere uddybning af den eksisterende sejlrende&#8230;                                <\/p>\r\n                                <dl>\r\n                                    <dt>Beliggenhed:<\/dt>\r\n                                    <dd>Hanstholm, Danmark<\/dd>\r\n\r\n                                    <dt>Omfang:<\/dt>\r\n                                    <dd>280.000 m3 h\u00e5rd kalksten, 740.000 m3 sand<\/dd>\r\n\r\n                                    <dt>Kunde:<\/dt>\r\n                                    <dd>Per Aarsleff A\/S<\/dd>\r\n\r\n                                    <dt>\u00c5r:<\/dt>\r\n                                    <dd>2018-2020<\/dd>\r\n                                <\/dl>\r\n                            <\/div>\r\n                        <\/div>\r\n                    <\/div>\r\n                                    <div  class=\"card\">\r\n                        <div class=\"card__bg lazy\" data-bg=\"https:\/\/rohde-nielsen.com\/wp-content\/uploads\/2024\/05\/ronne-port-1.jpg\"><\/div>\r\n                        <div class=\"card__headline\">\r\n                            <h3>R\u00f8nne port<\/h3>\r\n                            <a href=\"https:\/\/rohde-nielsen.com\/da\/projekter\/roenne-port\/\" class=\"cta\">Udforsk projektet<\/a>\r\n                        <\/div>\r\n\r\n                        <div class=\"card__content\">\r\n                            <div class=\"inner\">\r\n                                <p>\r\n                                    <strong>Form\u00e5l:<\/strong><br \/>\r\n                                    For\u00f8gelse af navigeringsdybden og kvalitetsudfyldning&#8230;                                <\/p>\r\n                                <dl>\r\n                                    <dt>Beliggenhed:<\/dt>\r\n                                    <dd>R\u00f8nne Havn, Danmark<\/dd>\r\n\r\n                                    <dt>Omfang:<\/dt>\r\n                                    <dd>900.000 m3<\/dd>\r\n\r\n                                    <dt>Kunde:<\/dt>\r\n                                    <dd>Per Aarsleff A\/S<\/dd>\r\n\r\n                                    <dt>\u00c5r:<\/dt>\r\n                                    <dd>2018-2019<\/dd>\r\n                                <\/dl>\r\n                            <\/div>\r\n                        <\/div>\r\n                    <\/div>\r\n                                    <div  class=\"card\">\r\n                        <div class=\"card__bg lazy\" data-bg=\"https:\/\/rohde-nielsen.com\/wp-content\/uploads\/2024\/05\/new-fairway-vordingborg-2.jpg\"><\/div>\r\n                        <div class=\"card__headline\">\r\n                            <h3>New fairway Vordingborg<\/h3>\r\n                            <a href=\"https:\/\/rohde-nielsen.com\/da\/projekter\/new-fairway-vordingborg\/\" class=\"cta\">Udforsk projektet<\/a>\r\n                        <\/div>\r\n\r\n                        <div class=\"card__content\">\r\n                            <div class=\"inner\">\r\n                                <p>\r\n                                    <strong>Form\u00e5l:<\/strong><br \/>\r\n                                    Design, planl\u00e6gning og konstruktion af ny sejlrende til Vordingborg&#8230;                                <\/p>\r\n                                <dl>\r\n                                    <dt>Beliggenhed:<\/dt>\r\n                                    <dd>Vordingborg, Danmark<\/dd>\r\n\r\n                                    <dt>Omfang:<\/dt>\r\n                                    <dd>220.000 m3, inklusiv design og konstruktion<\/dd>\r\n\r\n                                    <dt>Kunde:<\/dt>\r\n                                    <dd>Banedanmark<\/dd>\r\n\r\n                                    <dt>\u00c5r:<\/dt>\r\n                                    <dd>2016<\/dd>\r\n                                <\/dl>\r\n                            <\/div>\r\n                        <\/div>\r\n                    <\/div>\r\n                                    <div  class=\"card\">\r\n                        <div class=\"card__bg lazy\" data-bg=\"https:\/\/rohde-nielsen.com\/wp-content\/uploads\/2024\/05\/tauranga-1.jpg\"><\/div>\r\n                        <div class=\"card__headline\">\r\n                            <h3>Tauranga<\/h3>\r\n                            <a href=\"https:\/\/rohde-nielsen.com\/da\/projekter\/tauranga\/\" class=\"cta\">Udforsk projektet<\/a>\r\n                        <\/div>\r\n\r\n                        <div class=\"card__content\">\r\n                            <div class=\"inner\">\r\n                                <p>\r\n                                    <strong>Form\u00e5l:<\/strong><br \/>\r\n                                    Uddybning og udvidelse af indsejling og havn i Tauranga&#8230;                                <\/p>\r\n                                <dl>\r\n                                    <dt>Beliggenhed:<\/dt>\r\n                                    <dd>Tauranga, New Zealand<\/dd>\r\n\r\n                                    <dt>Omfang:<\/dt>\r\n                                    <dd>5.300.000 m3<\/dd>\r\n\r\n                                    <dt>Kunde:<\/dt>\r\n                                    <dd>Port of Tauranga Ltd<\/dd>\r\n\r\n                                    <dt>\u00c5r:<\/dt>\r\n                                    <dd>2015-2016<\/dd>\r\n                                <\/dl>\r\n                            <\/div>\r\n                        <\/div>\r\n                    <\/div>\r\n                                    <div  class=\"card\">\r\n                        <div class=\"card__bg lazy\" data-bg=\"https:\/\/rohde-nielsen.com\/wp-content\/uploads\/2024\/05\/devonport-transport-1.jpg\"><\/div>\r\n                        <div class=\"card__headline\">\r\n                            <h3>Devonport<\/h3>\r\n                            <a href=\"https:\/\/rohde-nielsen.com\/da\/projekter\/devonport\/\" class=\"cta\">Udforsk projektet<\/a>\r\n                        <\/div>\r\n\r\n                        <div class=\"card__content\">\r\n                            <div class=\"inner\">\r\n                                <p>\r\n                                    <strong>Form\u00e5l:<\/strong><br \/>\r\n                                    Oprensningsarbejde i Devonport, Tasmania&#8230;                                <\/p>\r\n                                <dl>\r\n                                    <dt>Beliggenhed:<\/dt>\r\n                                    <dd>Tasmanien, Australien<\/dd>\r\n\r\n                                    <dt>Omfang:<\/dt>\r\n                                    <dd>260.000 m3<\/dd>\r\n\r\n                                    <dt>Kunde:<\/dt>\r\n                                    <dd>Tasmanian Ports Corporation Pty Ltd<\/dd>\r\n\r\n                                    <dt>\u00c5r:<\/dt>\r\n                                    <dd>2015<\/dd>\r\n                                <\/dl>\r\n                            <\/div>\r\n                        <\/div>\r\n                    <\/div>\r\n                    <\/div>\r\n  <\/div>\r\n<\/section>\n\n<section\r\n  class=\"module textContent \r\n  smallerLeftText\">\r\n  <div class=\"container slim\">\r\n        <div class=\"textContent__bg\">\r\n      <lottie-player\r\n        src=\"https:\/\/rohde-nielsen.com\/wp-content\/uploads\/2024\/05\/web-breaker.json\"\r\n        background=\"transparent\"\r\n        speed=\"1\"\r\n        class=\"lottie\"\r\n        loop\r\n        autoplay\r\n      >\r\n      <\/lottie-player>\r\n    <\/div>\r\n        <div class=\"text\">\r\n      <h2>Vi forbinder global logistik med lokal ekspertise<\/h2>\n    <\/div>\r\n    <div class=\"text\"><p>Alle vores havneudviklingsaktiviteter kr\u00e6ver ekstraordin\u00e6r projektplanl\u00e6gning og -udf\u00f8relse, tekniske kompetencer og alsidigt udstyr for at opn\u00e5 l\u00f8sninger af h\u00f8jeste kvalitet \u2013 til tiden og inden for budgettet. Rohde Nielsen kan uddybe og oprense alle materialer og havbundstyper. Uanset om det drejer sig om etablering af nye kajanl\u00e6g, terminaler, vandveje eller uddybning af eksisterende anl\u00e6g leverer Rohde Nielsen. Vi udf\u00f8rer ogs\u00e5 en lang r\u00e6kke stenudl\u00e6gningsopgaver med vores grab dredgers, multifunktionelle enheder med fallpipe og andet specialudstyr, som sikrer de bedste resultater.<\/p>\n<p>Vi har forfinet vores metoder til landindvinding og fyldning af s\u00e6nkekasser, hvor vi anvender sand indvundet fra havbunden, hvilket er hurtigere og mere omkostningseffektivt. Oprensningsaktiviteter er en kontinuerlig proces, og Rohde Nielsen har langsigtede vedligeholdelses- og uddybningskontrakter med kunder over hele verden. Vi p\u00e5tager os ansvaret for at holde vandveje \u00e5bne og sikrer de n\u00f8dvendige vanddybder \u00e5r efter \u00e5r.<\/p>\n<\/div>  <\/div>\r\n<\/section>\n\n<section class=\"module breaker \">\r\n  <h2>Projekter over hele verden<\/h2>  <lottie-player\r\n    id=\"69e7465505ec0\"\r\n    src=\"https:\/\/rohde-nielsen.com\/wp-content\/uploads\/2024\/11\/RN_2024_CP03Web_design_map_1920x600_V04.json\"\r\n    background=\"transparent\"\r\n    speed=\"1\"\r\n    class=\"lottie\"\r\n    loop    autoplay\r\n  >\r\n  <\/lottie-player>\r\n<\/section>\n\n<section class=\"module imageAndText bgSand\">\r\n  <div class=\"container\">\r\n      <figure class=\"imageAndText__image\">\r\n      <img\r\n        class=\"lazy\"\r\n        data-src=\"https:\/\/rohde-nielsen.com\/wp-content\/uploads\/2024\/05\/imagetext.png\"\r\n                alt=\"\"\r\n      \/>\r\n    <\/figure>\r\n        <div class=\"imageAndText__text\">\r\n      <h2>Specialbyggede enheder udstyret med den nyeste teknologi<\/h2>\n<p>Med vores fl\u00e5de af pejleb\u00e5de kan vi l\u00f8bende holde \u00f8je med fremdriften og sikre, at vi n\u00f8je overholder vores kunders krav. Vores skibe er ikke kun specialbyggede, de er ogs\u00e5 udstyret med den nyeste teknologi, s\u00e5 vi sikrer, at vi kan im\u00f8dekomme projektspecifikke betingelser. Vores fokus p\u00e5 ny teknologi og vores fleksible tilgang har medf\u00f8rt, at Rohde Nielsen har opn\u00e5et en historik med en lang r\u00e6kke vellykkede havneudviklingsprojekter.<\/p>\n<a href=\"https:\/\/rohde-nielsen.com\/da\/flaade-oversigt\"class=\"cta-link\" >Se vores fl\u00e5de<\/a>    <\/div>\r\n  <\/div>\r\n<\/section>\n\n<section class=\"module tiles\">\r\n  \r\n  <div class=\"tiles__container \">\r\n    <div class=\"tiles__item\">\r\n      <div class=\"tiles__introText\">\r\n                <h3>Din foretrukne marineentrepren\u00f8r<\/h3>\r\n        <p>Vi str\u00e6ber efter at fastholde vores position som en af de st\u00f8rste dredging- og marineentrepren\u00f8rer i Europa og som en foretrukken partner verden over.<\/p>\n      <\/div>\r\n    <\/div>\r\n            <div class=\"tiles__item lazy\" data-bg=\"https:\/\/rohde-nielsen.com\/wp-content\/uploads\/2024\/05\/Visual12_Hopper_Grab_Dredgers.jpg\" loading=\"lazy\">\r\n          <div class=\"tiles__text\">\r\n            <h3>Kystsikring<\/h3>\r\n            <div class=\"desc\">\r\n              <div class=\"inner\">\r\n                <p>Vi etablerer, bevarer og genopretter kystlinjer og strande. Alt sammen for at bevare og beskytte livet langs kysten.<\/p>\n     \r\n                  <a href=\"https:\/\/rohde-nielsen.com\/da\/aktiviteter\/kystsikring\"  class=\"cta-link\">L\u00e6r mere<\/a>\r\n              <\/div>\r\n            <\/div>\r\n          <\/div>\r\n    <\/div>\r\n              <div class=\"tiles__item lazy\" data-bg=\"https:\/\/rohde-nielsen.com\/wp-content\/uploads\/2024\/05\/projects-hero-scaled-e1714999584713.jpg\" loading=\"lazy\">\r\n          <div class=\"tiles__text\">\r\n            <h3>Landindvinding<\/h3>\r\n            <div class=\"desc\">\r\n              <div class=\"inner\">\r\n                <p>Vi bygger et sikkert fundament for fremtidens byer og global industri.<\/p>\n     \r\n                  <a href=\"https:\/\/rohde-nielsen.com\/da\/aktiviteter\/landindvinding\/\"  class=\"cta-link\">L\u00e6r mere<\/a>\r\n              <\/div>\r\n            <\/div>\r\n          <\/div>\r\n    <\/div>\r\n              <div class=\"tiles__item lazy\" data-bg=\"https:\/\/rohde-nielsen.com\/wp-content\/uploads\/2024\/05\/Hero-_-Module-5.png\" loading=\"lazy\">\r\n          <div class=\"tiles__text\">\r\n            <h3>Uddybning og oprensning<\/h3>\r\n            <div class=\"desc\">\r\n              <div class=\"inner\">\r\n                <p>Vi udvikler og vedligeholder sejlrender over hele verden for at underst\u00f8tte \u00f8konomisk v\u00e6kst og skibstrafik.<\/p>\n     \r\n                  <a href=\"https:\/\/rohde-nielsen.com\/da\/aktiviteter\/uddybning-oprensning\/\"  class=\"cta-link\">L\u00e6r mere<\/a>\r\n              <\/div>\r\n            <\/div>\r\n          <\/div>\r\n    <\/div>\r\n              <div class=\"tiles__item lazy\" data-bg=\"https:\/\/rohde-nielsen.com\/wp-content\/uploads\/2024\/05\/Offshore-services_hero-scaled.jpg\" loading=\"lazy\">\r\n          <div class=\"tiles__text\">\r\n            <h3>Offshore<\/h3>\r\n            <div class=\"desc\">\r\n              <div class=\"inner\">\r\n                <p>Uanset om vi laver trench dredging og backfilling, klarg\u00f8ring af havbunden eller steninstallation, arbejder vi med pr\u00e6cision for at bringe energi til lands.<\/p>\n     \r\n                  <a href=\"https:\/\/rohde-nielsen.com\/da\/aktiviteter\/offshore\/\"  class=\"cta-link\">L\u00e6r mere<\/a>\r\n              <\/div>\r\n            <\/div>\r\n          <\/div>\r\n    <\/div>\r\n              <div class=\"tiles__item lazy\" data-bg=\"https:\/\/rohde-nielsen.com\/wp-content\/uploads\/2024\/08\/Port-Development-v2-hero.jpg\" loading=\"lazy\">\r\n          <div class=\"tiles__text\">\r\n            <h3>Havneudvikling\u00a0<\/h3>\r\n            <div class=\"desc\">\r\n              <div class=\"inner\">\r\n                <p>Udvikling og udvidelse af havne og sejlrender i hele verden.<\/p>\n     \r\n                  <a href=\"https:\/\/rohde-nielsen.com\/da\/aktiviteter\/havneudvikling\/\"  class=\"cta-link\">L\u00e6r mere<\/a>\r\n              <\/div>\r\n            <\/div>\r\n          <\/div>\r\n    <\/div>\r\n        <\/div>\r\n<\/section>\n\n<section class=\"promo\">\r\n  <div class=\"promo__bg\">\r\n    <div class=\"imageBg\">\r\n      <div class=\"lazy\" data-bg=\"https:\/\/rohde-nielsen.com\/wp-content\/uploads\/2024\/05\/promo1.jpg\"><\/div>\r\n    <\/div>\r\n    <div class=\"imageBg mobile\">\r\n      <div class=\"lazy\" data-bg=\"https:\/\/rohde-nielsen.com\/wp-content\/uploads\/2024\/05\/Promo-_-Module-_-Contact@2x.jpg\"><\/div>\r\n    <\/div>\r\n  <\/div>\r\n  <div class=\"container\">\r\n    <div class=\"promo__text\">\r\n      <h2>Kontakt os om dit havneudviklingsprojekt<\/h2><p>Vil du vide mere om os, og hvordan vi kan hj\u00e6lpe dig med dit havneudviklingsprojekt? Kontakt os nedenfor.<\/p>\n          <a class=\"cta-link\" href=\"https:\/\/rohde-nielsen.com\/da\/kontakt\">Kontakt os<\/a>\r\n            <\/div>\r\n  <\/div>\r\n<\/section>","protected":false},"excerpt":{"rendered":"","protected":false},"author":5,"featured_media":0,"parent":1653,"menu_order":0,"comment_status":"closed","ping_status":"closed","template":"","meta":{"_acf_changed":true,"footnotes":""},"class_list":["post-1632","page","type-page","status-publish","hentry"],"acf":[],"yoast_head":"<!-- This site is optimized with the Yoast SEO plugin v22.8 - https:\/\/yoast.com\/wordpress\/plugins\/seo\/ -->\n<title>Havneudvikling\u00a0 - Rohde Nielsen<\/title>\n<meta name=\"robots\" content=\"index, follow, max-snippet:-1, max-image-preview:large, max-video-preview:-1\" \/>\n<link rel=\"canonical\" href=\"https:\/\/rohde-nielsen.com\/da\/aktiviteter\/havneudvikling\/\" \/>\n<meta property=\"og:locale\" content=\"da_DK\" \/>\n<meta property=\"og:type\" content=\"article\" \/>\n<meta property=\"og:title\" content=\"Havneudvikling\u00a0 - Rohde Nielsen\" \/>\n<meta property=\"og:url\" content=\"https:\/\/rohde-nielsen.com\/da\/aktiviteter\/havneudvikling\/\" \/>\n<meta property=\"og:site_name\" content=\"Rohde Nielsen\" \/>\n<meta property=\"article:modified_time\" content=\"2024-11-27T11:41:05+00:00\" \/>\n<meta name=\"twitter:card\" content=\"summary_large_image\" \/>\n<script type=\"application\/ld+json\" class=\"yoast-schema-graph\">{\"@context\":\"https:\/\/schema.org\",\"@graph\":[{\"@type\":\"WebPage\",\"@id\":\"https:\/\/rohde-nielsen.com\/da\/aktiviteter\/havneudvikling\/\",\"url\":\"https:\/\/rohde-nielsen.com\/da\/aktiviteter\/havneudvikling\/\",\"name\":\"Havneudvikling\u00a0 - Rohde Nielsen\",\"isPartOf\":{\"@id\":\"https:\/\/rohde-nielsen.com\/da\/#website\"},\"datePublished\":\"2024-05-06T07:25:46+00:00\",\"dateModified\":\"2024-11-27T11:41:05+00:00\",\"breadcrumb\":{\"@id\":\"https:\/\/rohde-nielsen.com\/da\/aktiviteter\/havneudvikling\/#breadcrumb\"},\"inLanguage\":\"da-DK\",\"potentialAction\":[{\"@type\":\"ReadAction\",\"target\":[\"https:\/\/rohde-nielsen.com\/da\/aktiviteter\/havneudvikling\/\"]}]},{\"@type\":\"BreadcrumbList\",\"@id\":\"https:\/\/rohde-nielsen.com\/da\/aktiviteter\/havneudvikling\/#breadcrumb\",\"itemListElement\":[{\"@type\":\"ListItem\",\"position\":1,\"name\":\"Hjem\",\"item\":\"https:\/\/rohde-nielsen.com\/da\/\"},{\"@type\":\"ListItem\",\"position\":2,\"name\":\"Aktiviteter\",\"item\":\"https:\/\/rohde-nielsen.com\/da\/aktiviteter\/\"},{\"@type\":\"ListItem\",\"position\":3,\"name\":\"Havneudvikling\u00a0\"}]},{\"@type\":\"WebSite\",\"@id\":\"https:\/\/rohde-nielsen.com\/da\/#website\",\"url\":\"https:\/\/rohde-nielsen.com\/da\/\",\"name\":\"Rohde Nielsen\",\"description\":\"\",\"publisher\":{\"@id\":\"https:\/\/rohde-nielsen.com\/da\/#organization\"},\"potentialAction\":[{\"@type\":\"SearchAction\",\"target\":{\"@type\":\"EntryPoint\",\"urlTemplate\":\"https:\/\/rohde-nielsen.com\/da\/?s={search_term_string}\"},\"query-input\":\"required name=search_term_string\"}],\"inLanguage\":\"da-DK\"},{\"@type\":\"Organization\",\"@id\":\"https:\/\/rohde-nielsen.com\/da\/#organization\",\"name\":\"Rohde Nielsen\",\"url\":\"https:\/\/rohde-nielsen.com\/da\/\",\"logo\":{\"@type\":\"ImageObject\",\"inLanguage\":\"da-DK\",\"@id\":\"https:\/\/rohde-nielsen.com\/da\/#\/schema\/logo\/image\/\",\"url\":\"https:\/\/rohde-nielsen.com\/wp-content\/uploads\/2024\/05\/rohde.svg\",\"contentUrl\":\"https:\/\/rohde-nielsen.com\/wp-content\/uploads\/2024\/05\/rohde.svg\",\"caption\":\"Rohde Nielsen\"},\"image\":{\"@id\":\"https:\/\/rohde-nielsen.com\/da\/#\/schema\/logo\/image\/\"}}]}<\/script>\n<!-- \/ Yoast SEO plugin. -->","yoast_head_json":{"title":"Havneudvikling\u00a0 - Rohde Nielsen","robots":{"index":"index","follow":"follow","max-snippet":"max-snippet:-1","max-image-preview":"max-image-preview:large","max-video-preview":"max-video-preview:-1"},"canonical":"https:\/\/rohde-nielsen.com\/da\/aktiviteter\/havneudvikling\/","og_locale":"da_DK","og_type":"article","og_title":"Havneudvikling\u00a0 - Rohde Nielsen","og_url":"https:\/\/rohde-nielsen.com\/da\/aktiviteter\/havneudvikling\/","og_site_name":"Rohde Nielsen","article_modified_time":"2024-11-27T11:41:05+00:00","twitter_card":"summary_large_image","schema":{"@context":"https:\/\/schema.org","@graph":[{"@type":"WebPage","@id":"https:\/\/rohde-nielsen.com\/da\/aktiviteter\/havneudvikling\/","url":"https:\/\/rohde-nielsen.com\/da\/aktiviteter\/havneudvikling\/","name":"Havneudvikling\u00a0 - Rohde Nielsen","isPartOf":{"@id":"https:\/\/rohde-nielsen.com\/da\/#website"},"datePublished":"2024-05-06T07:25:46+00:00","dateModified":"2024-11-27T11:41:05+00:00","breadcrumb":{"@id":"https:\/\/rohde-nielsen.com\/da\/aktiviteter\/havneudvikling\/#breadcrumb"},"inLanguage":"da-DK","potentialAction":[{"@type":"ReadAction","target":["https:\/\/rohde-nielsen.com\/da\/aktiviteter\/havneudvikling\/"]}]},{"@type":"BreadcrumbList","@id":"https:\/\/rohde-nielsen.com\/da\/aktiviteter\/havneudvikling\/#breadcrumb","itemListElement":[{"@type":"ListItem","position":1,"name":"Hjem","item":"https:\/\/rohde-nielsen.com\/da\/"},{"@type":"ListItem","position":2,"name":"Aktiviteter","item":"https:\/\/rohde-nielsen.com\/da\/aktiviteter\/"},{"@type":"ListItem","position":3,"name":"Havneudvikling\u00a0"}]},{"@type":"WebSite","@id":"https:\/\/rohde-nielsen.com\/da\/#website","url":"https:\/\/rohde-nielsen.com\/da\/","name":"Rohde Nielsen","description":"","publisher":{"@id":"https:\/\/rohde-nielsen.com\/da\/#organization"},"potentialAction":[{"@type":"SearchAction","target":{"@type":"EntryPoint","urlTemplate":"https:\/\/rohde-nielsen.com\/da\/?s={search_term_string}"},"query-input":"required name=search_term_string"}],"inLanguage":"da-DK"},{"@type":"Organization","@id":"https:\/\/rohde-nielsen.com\/da\/#organization","name":"Rohde Nielsen","url":"https:\/\/rohde-nielsen.com\/da\/","logo":{"@type":"ImageObject","inLanguage":"da-DK","@id":"https:\/\/rohde-nielsen.com\/da\/#\/schema\/logo\/image\/","url":"https:\/\/rohde-nielsen.com\/wp-content\/uploads\/2024\/05\/rohde.svg","contentUrl":"https:\/\/rohde-nielsen.com\/wp-content\/uploads\/2024\/05\/rohde.svg","caption":"Rohde Nielsen"},"image":{"@id":"https:\/\/rohde-nielsen.com\/da\/#\/schema\/logo\/image\/"}}]}},"_links":{"self":[{"href":"https:\/\/rohde-nielsen.com\/da\/wp-json\/wp\/v2\/pages\/1632","targetHints":{"allow":["GET"]}}],"collection":[{"href":"https:\/\/rohde-nielsen.com\/da\/wp-json\/wp\/v2\/pages"}],"about":[{"href":"https:\/\/rohde-nielsen.com\/da\/wp-json\/wp\/v2\/types\/page"}],"author":[{"embeddable":true,"href":"https:\/\/rohde-nielsen.com\/da\/wp-json\/wp\/v2\/users\/5"}],"replies":[{"embeddable":true,"href":"https:\/\/rohde-nielsen.com\/da\/wp-json\/wp\/v2\/comments?post=1632"}],"version-history":[{"count":0,"href":"https:\/\/rohde-nielsen.com\/da\/wp-json\/wp\/v2\/pages\/1632\/revisions"}],"up":[{"embeddable":true,"href":"https:\/\/rohde-nielsen.com\/da\/wp-json\/wp\/v2\/pages\/1653"}],"wp:attachment":[{"href":"https:\/\/rohde-nielsen.com\/da\/wp-json\/wp\/v2\/media?parent=1632"}],"curies":[{"name":"wp","href":"https:\/\/api.w.org\/{rel}","templated":true}]}}