{"id":3540,"date":"2024-06-24T12:02:00","date_gmt":"2024-06-24T12:02:00","guid":{"rendered":"https:\/\/rohde-nielsen.com\/?page_id=3540"},"modified":"2026-01-07T12:56:41","modified_gmt":"2026-01-07T12:56:41","slug":"baeredygtighed","status":"publish","type":"page","link":"https:\/\/rohde-nielsen.com\/da\/baeredygtighed\/","title":{"rendered":"B\u00e6redygtighed"},"content":{"rendered":"<section class=\"hero \">\r\n  <div class=\"hero__bg\" \r\n    id=\"herovideo\"\r\n    data-video-id=\"\">\r\n    <div class=\"imageBg\">\r\n      <div class=\"lazy\" data-bg=\"https:\/\/rohde-nielsen.com\/wp-content\/uploads\/2024\/05\/Hero-_-Module-2.png\"><\/div>\r\n    <\/div>\r\n    <div class=\"imageBg mobile\">\r\n      <div class=\"lazy\" data-bg=\"https:\/\/rohde-nielsen.com\/wp-content\/uploads\/2024\/05\/Hero-_-Module-_-Mobile-2.png\"><\/div>\r\n    <\/div>\r\n  <\/div>\r\n  <div class=\"container\">\r\n    <div class=\"hero__text hero__text--left\">\r\n      <div>\r\n        <h1>B\u00e6redygtighed<\/h1><p class=\"hero__description\">Vi er p\u00e5 havet hver dag for at sikre en mere b\u00e6redygtig fremtid.<\/p>      <\/div>\r\n    <\/div>\r\n    <button class=\"scroll\">Rul<\/button>\r\n  <\/div>\r\n<\/section>\r\n\n\n<section\r\n  class=\"module textContent \r\n  smallerLeftText\">\r\n  <div class=\"container slim\">\r\n        <div class=\"text\">\r\n      <h2>Vi er her for at g\u00f8re<\/h2>\n<h2>en forskel<\/h2>\n<p>&nbsp;<\/p>\n<p>&nbsp;<\/p>\n<p><img loading=\"lazy\" decoding=\"async\" class=\" wp-image-4242 aligncenter\" src=\"https:\/\/rohde-nielsen.com\/wp-content\/uploads\/2026\/01\/Adobe-Express-file-300x200.png\" alt=\"\" width=\"367\" height=\"244\" srcset=\"https:\/\/rohde-nielsen.com\/wp-content\/uploads\/2026\/01\/Adobe-Express-file-300x200.png 300w, https:\/\/rohde-nielsen.com\/wp-content\/uploads\/2026\/01\/Adobe-Express-file-1024x683.png 1024w, https:\/\/rohde-nielsen.com\/wp-content\/uploads\/2026\/01\/Adobe-Express-file-768x512.png 768w, https:\/\/rohde-nielsen.com\/wp-content\/uploads\/2026\/01\/Adobe-Express-file-8x5.png 8w, https:\/\/rohde-nielsen.com\/wp-content\/uploads\/2026\/01\/Adobe-Express-file-466x311.png 466w, https:\/\/rohde-nielsen.com\/wp-content\/uploads\/2026\/01\/Adobe-Express-file-932x621.png 932w, https:\/\/rohde-nielsen.com\/wp-content\/uploads\/2026\/01\/Adobe-Express-file-1197x798.png 1197w, https:\/\/rohde-nielsen.com\/wp-content\/uploads\/2026\/01\/Adobe-Express-file.png 1536w\" sizes=\"auto, (max-width: 367px) 100vw, 367px\" \/><\/p>\n    <\/div>\r\n    <div class=\"text\"><p>Uanset udfordringen ved vi, at vi skal l\u00f8se den med respekt og hensyn til det milj\u00f8, vi arbejder med. Vores fl\u00e5de er en af de gr\u00f8nneste i industrien og sikrer, at vi kan leve op til vores l\u00f8fte om at skabe sikker infrastruktur, kystlinjer og havne til gavn for mennesker p\u00e5 hele kloden.<\/p>\n<p style=\"font-weight: 400\">Et eksempel er vores nye avancerede fart\u00f8jer, udstyret med dieselelektrisk fremdrift, drevet af dobbeltbr\u00e6ndstofmotorer, der kan k\u00f8rer p\u00e5 100% HVO (Hydrobehandlet Vegetabilsk Olie \u2013 2. generations biobr\u00e6ndstoffer), samt store batteripakker, der muligg\u00f8r 100% elektrisk drift.<\/p>\n<p style=\"font-weight: 400\">Vi er glade for at pr\u00e6sentere vores seneste b\u00e6redygtighedsrapporter.<\/p>\n<p>&nbsp;<\/p>\n<p><a href=\"https:\/\/rohde-nielsen.com\/wp-content\/uploads\/2025\/08\/RN_Sustainability_Report_2024.pdf\" target=\"_blank\" rel=\"noopener\"><span data-teams=\"true\">2024 \u2013 B\u00e6redygtighedsrapport<\/span><\/a><\/p>\n<p><a href=\"https:\/\/rohde-nielsen.com\/wp-content\/uploads\/2024\/12\/RN_Sustainability_report_2023_Print_.pdf\" target=\"_blank\" rel=\"noopener\"><span data-teams=\"true\">2023 \u2013 B\u00e6redygtighedsrapport<\/span><\/a><\/p>\n<p><a href=\"https:\/\/rohde-nielsen.com\/wp-content\/uploads\/2024\/05\/Sustainability-Report-2022-1.pdf\" target=\"_blank\" rel=\"noopener\"><span data-teams=\"true\">2022 \u2013 B\u00e6redygtighedsrapport<\/span><\/a><\/p>\n<p>&nbsp;<\/p>\n<p>&nbsp;<\/p>\n<\/div>  <\/div>\r\n<\/section>\n\n<section class=\"theVideo\" data-video-id=\"1142964868\">\r\n  <div class=\"videoBackground\" id=\"69de4a0aac53c\"><\/div>\r\n  <div class=\"video\" id=\"69de4a0aac53d\"><\/div>\r\n  <div class=\"theVideo__text\">\r\n    <div class=\"container slim\">\r\n      <h2>B\u00e6redygtighed<\/h2>\r\n      <div class=\"theVideo__play\">\r\n        <span><\/span>\r\n      <\/div>\r\n    <\/div>\r\n  <\/div>\r\n<\/section>\n\n<section class=\"module tiles\">\r\n  \r\n  <div class=\"tiles__container tiles--four-col\">\r\n    <div class=\"tiles__item\">\r\n      <div class=\"tiles__introText\">\r\n                <h3>Oversigt over certifikater og initiativer<\/h3>\r\n        <p>Rohde Nielsen A\/S tilstr\u00e6ber altid at arbejde efter h\u00f8jere standarder end blot at opfylde de obligatoriske krav.<\/p>\n      <\/div>\r\n    <\/div>\r\n            <div class=\"tiles__item lazy\" data-bg=\"https:\/\/rohde-nielsen.com\/wp-content\/uploads\/2024\/08\/RN_UN_Global_C_Web.png\" loading=\"lazy\">\r\n          <div class=\"tiles__text\">\r\n            <h3>UN Global Compact<\/h3>\r\n            <div class=\"desc\">\r\n              <div class=\"inner\">\r\n                <p>Verdens st\u00f8rste b\u00e6redygtigheds-initiativ for 25.493 virksomheder i 167 lande. <\/p>\n     \r\n                  <a href=\"https:\/\/rohde-nielsen.com\/wp-content\/uploads\/2025\/08\/RN_Sustainability_Report_2024.pdf#page=42\" target=\"_blank\" class=\"cta-link\">L\u00e6s mere i vores b\u00e6redygtighedsrapport<\/a>\r\n              <\/div>\r\n            <\/div>\r\n          <\/div>\r\n    <\/div>\r\n              <div class=\"tiles__item lazy\" data-bg=\"https:\/\/rohde-nielsen.com\/wp-content\/uploads\/2024\/08\/RN_MACN_Web.png\" loading=\"lazy\">\r\n          <div class=\"tiles__text\">\r\n            <h3>MACN<\/h3>\r\n            <div class=\"desc\">\r\n              <div class=\"inner\">\r\n                <p>The Maritime Anti-Corruption Network er et globalt netv\u00e6rk der arbejder for anti-korruption i den maritime sektor. <\/p>\n     \r\n                  <a href=\"https:\/\/rohde-nielsen.com\/wp-content\/uploads\/2025\/08\/RN_Sustainability_Report_2024.pdf#page=42\" target=\"_blank\" class=\"cta-link\">L\u00e6s mere i vores b\u00e6redygtighedsrapport<\/a>\r\n              <\/div>\r\n            <\/div>\r\n          <\/div>\r\n    <\/div>\r\n              <div class=\"tiles__item lazy\" data-bg=\"https:\/\/rohde-nielsen.com\/wp-content\/uploads\/2025\/09\/RN_CQY_Web.png\" loading=\"lazy\">\r\n          <div class=\"tiles__text\">\r\n            <h3>ISO 14001<\/h3>\r\n            <div class=\"desc\">\r\n              <div class=\"inner\">\r\n                <p>ISO 14001 er den internationalt anerkendte standard for milj\u00f8ledelsessystemer &#8211; til forbedring af virksomheders arbejdsmilj\u00f8.<\/p>\n     \r\n                  <a href=\"https:\/\/rohde-nielsen.com\/wp-content\/uploads\/2025\/08\/RN_Sustainability_Report_2024.pdf#page=42\" target=\"_blank\" class=\"cta-link\">L\u00e6s mere i vores b\u00e6redygtighedsrapport<\/a>\r\n              <\/div>\r\n            <\/div>\r\n          <\/div>\r\n    <\/div>\r\n              <div class=\"tiles__item lazy\" data-bg=\"https:\/\/rohde-nielsen.com\/wp-content\/uploads\/2025\/09\/RN_CQY_Web.png\" loading=\"lazy\">\r\n          <div class=\"tiles__text\">\r\n            <h3>ISO 45001<\/h3>\r\n            <div class=\"desc\">\r\n              <div class=\"inner\">\r\n                <p>ISO 45001 er den internationalt anerkendte standard for helbred og sikkerhed &#8211; til bedre fysisk og mental sundhed.<\/p>\n     \r\n                  <a href=\"https:\/\/rohde-nielsen.com\/wp-content\/uploads\/2025\/08\/RN_Sustainability_Report_2024.pdf#page=42\" target=\"_blank\" class=\"cta-link\">L\u00e6s mere i vores b\u00e6redygtighedsrapport<\/a>\r\n              <\/div>\r\n            <\/div>\r\n          <\/div>\r\n    <\/div>\r\n              <div class=\"tiles__item lazy\" data-bg=\"https:\/\/rohde-nielsen.com\/wp-content\/uploads\/2025\/09\/CQY_27001.png\" loading=\"lazy\">\r\n          <div class=\"tiles__text\">\r\n            <h3>ISO 27100<\/h3>\r\n            <div class=\"desc\">\r\n              <div class=\"inner\">\r\n                <p>ISO 27001 er en informationssikkerhedsstandard, der specificerer kravene til etablering, implementering, vedligeholdelse og l\u00f8bende forbedring af et informationssikkerhedsstyringssystem (ISMS).<\/p>\n     \r\n                  <a href=\"https:\/\/rohde-nielsen.com\/wp-content\/uploads\/2025\/08\/RN_Sustainability_Report_2024.pdf#page=42\" target=\"_blank\" class=\"cta-link\">L\u00e6s mere i vores b\u00e6redygtighedsrapport<\/a>\r\n              <\/div>\r\n            <\/div>\r\n          <\/div>\r\n    <\/div>\r\n              <div class=\"tiles__item lazy\" data-bg=\"https:\/\/rohde-nielsen.com\/wp-content\/uploads\/2025\/09\/Ecovadis-Badge-4.png\" loading=\"lazy\">\r\n          <div class=\"tiles__text\">\r\n            <h3>2025 EcoVadis<\/h3>\r\n            <div class=\"desc\">\r\n              <div class=\"inner\">\r\n                <p>EcoVadis leverer internationalt anerkendte b\u00e6redygtighedsvurderinger og underst\u00f8tter organisationer i at styre, m\u00e5le og l\u00f8bende forbedre deres b\u00e6redygtighedspr\u00e6station p\u00e5 tv\u00e6rs af hele v\u00e6rdik\u00e6den.<\/p>\n     \r\n                  <a href=\"https:\/\/rohde-nielsen.com\/wp-content\/uploads\/2025\/08\/RN_Sustainability_Report_2024.pdf#page=42\" target=\"_blank\" class=\"cta-link\">   L\u00e6s mere i vores b\u00e6redygtighedsrapport<\/a>\r\n              <\/div>\r\n            <\/div>\r\n          <\/div>\r\n    <\/div>\r\n              <div class=\"tiles__item lazy\" data-bg=\"https:\/\/rohde-nielsen.com\/wp-content\/uploads\/2026\/01\/CDP.jpg\" loading=\"lazy\">\r\n          <div class=\"tiles__text\">\r\n            <h3>Carbon Disclosure Project<\/h3>\r\n            <div class=\"desc\">\r\n              <div class=\"inner\">\r\n                <p>CDP er en globalt anerkendt ramme for klimaredeg\u00f8relse, der sikrer gennemsigtighed i CO\u2082-udledning, ledelse og klimarelaterede risici. I 2025 opn\u00e5ede vi en CDP-score p\u00e5 B inden for \u201dClimate Change\u201d, svarende til niveauet \u201dManagement\u201d.<\/p>\n     \r\n                  <a href=\"#\"  class=\"cta-link\">   <\/a>\r\n              <\/div>\r\n            <\/div>\r\n          <\/div>\r\n    <\/div>\r\n        <\/div>\r\n<\/section>\n\n<section class=\"module imageAndText bgWhite flip\">\r\n  <div class=\"container\">\r\n      <figure class=\"imageAndText__image\">\r\n      <img\r\n        class=\"lazy\"\r\n        data-src=\"https:\/\/rohde-nielsen.com\/wp-content\/uploads\/2025\/08\/Ask_R_ULEV_GRID-1.jpg\"\r\n                alt=\"\"\r\n      \/>\r\n    <\/figure>\r\n        <div class=\"imageAndText__text\">\r\n      <h2>B\u00e6redygtige tiltag<\/h2>\n<p>Gennem l\u00f8bende investeringer i nye, avancerede teknologier og br\u00e6ndstofl\u00f8sninger, arbejder vi h\u00e5rdt p\u00e5 at g\u00f8re vores fl\u00e5de gr\u00f8nnere. Vi implementerer hele tiden nye, b\u00e6redygtige tiltag til gavn for b\u00e5de vores kunders projekter og vores f\u00e6lles havmilj\u00f8er. Selektiv katalytisk reduktion, dieselpartikelfiltre og 2. generations biobr\u00e6ndstoffer er nogle af de tiltag, vi har indf\u00f8rt for at reducere vores CO2-udledning.<\/p>\n<p>Vi begr\u00e6nser vores energiforbrug og \u00f8ger effektiviteten p\u00e5 vores enheder med b\u00e6redygtigt design og avancerede fremdriftssystemer.<\/p>\n<p>Vi har for nylig f\u00e6rdiggjort ombygningen af en af vores st\u00f8rste sandsugere, Njord R, til fl\u00e5dens st\u00f8rste \u201dHybrid Ultra Low Emission Vessel\u201d (ULEV). Den vil slutte sig til sine s\u00f8sterskibe, Ask R og Embla R, som allerede har sat h\u00f8je milj\u00f8standarder ved at opn\u00e5 samme ULEV-betegnelse.<\/p>\n    <\/div>\r\n  <\/div>\r\n<\/section>\n\n<section class=\"module tiles\">\r\n  \r\n  <div class=\"tiles__container \">\r\n    <div class=\"tiles__item\">\r\n      <div class=\"tiles__introText\">\r\n                <h3>B\u00e6redygtig udvikling<\/h3>\r\n        <p>FN&#8217;s verdensm\u00e5l (SDGs), er et rammev\u00e6rk som skal bidrage til en mere b\u00e6redygtig fremtid for alle. <\/p>\n      <\/div>\r\n    <\/div>\r\n            <div class=\"tiles__item lazy\" data-bg=\"https:\/\/rohde-nielsen.com\/wp-content\/uploads\/2024\/08\/RN_UN_GOALS_7.png\" loading=\"lazy\">\r\n          <div class=\"tiles__text\">\r\n            <h3>   <\/h3>\r\n            <div class=\"desc\">\r\n              <div class=\"inner\">\r\n                <p><strong>Sustainable Development Goal 7<\/strong><br \/>\nTilg\u00e6ngelig og ren energi er et kritisk m\u00e5l, og Rohde Nielsen anerkender vigtigheden af en fremtid med gr\u00f8n energi.<\/p>\n     \r\n                  <a href=\"https:\/\/rohde-nielsen.com\/wp-content\/uploads\/2025\/08\/RN_Sustainability_Report_2024.pdf#page=6\" target=\"_blank\" class=\"cta-link\"> L\u00e6s mere i vores b\u00e6redygtighedsrapport<\/a>\r\n              <\/div>\r\n            <\/div>\r\n          <\/div>\r\n    <\/div>\r\n              <div class=\"tiles__item lazy\" data-bg=\"https:\/\/rohde-nielsen.com\/wp-content\/uploads\/2024\/08\/RN_UN_GOALS_8.png\" loading=\"lazy\">\r\n          <div class=\"tiles__text\">\r\n            <h3>  <\/h3>\r\n            <div class=\"desc\">\r\n              <div class=\"inner\">\r\n                <p><strong>Sustainable Development Goal 8<\/strong><br \/>\nVi tror p\u00e5, at en inkluderende og divers medarbejdergruppe er essentiel for at kunne drive en mere b\u00e6redygtig virksomhed. <\/p>\n     \r\n                  <a href=\"https:\/\/rohde-nielsen.com\/wp-content\/uploads\/2025\/08\/RN_Sustainability_Report_2024.pdf#page=6\" target=\"_blank\" class=\"cta-link\"> L\u00e6s mere i vores b\u00e6redygtighedsrapport<\/a>\r\n              <\/div>\r\n            <\/div>\r\n          <\/div>\r\n    <\/div>\r\n              <div class=\"tiles__item lazy\" data-bg=\"https:\/\/rohde-nielsen.com\/wp-content\/uploads\/2024\/08\/RN_UN_GOALS_9.png\" loading=\"lazy\">\r\n          <div class=\"tiles__text\">\r\n            <h3>  <\/h3>\r\n            <div class=\"desc\">\r\n              <div class=\"inner\">\r\n                <p><strong>Sustainable Development Goal 9<\/strong><br \/>\nVi forpligter os til at fremme b\u00e6redygtig innovation og infrastruktur gennem forskning, udvikling og strategiske partnerskaber. <\/p>\n     \r\n                  <a href=\"https:\/\/rohde-nielsen.com\/wp-content\/uploads\/2025\/08\/RN_Sustainability_Report_2024.pdf#page=6\" target=\"_blank\" class=\"cta-link\"> L\u00e6s mere i vores b\u00e6redygtighedsrapport<\/a>\r\n              <\/div>\r\n            <\/div>\r\n          <\/div>\r\n    <\/div>\r\n              <div class=\"tiles__item lazy\" data-bg=\"https:\/\/rohde-nielsen.com\/wp-content\/uploads\/2024\/08\/RN_UN_GOALS_13.png\" loading=\"lazy\">\r\n          <div class=\"tiles__text\">\r\n            <h3>  <\/h3>\r\n            <div class=\"desc\">\r\n              <div class=\"inner\">\r\n                <p><strong>Sustainable Development Goal 13<\/strong><br \/>\nVores l\u00f8bende forskning og udvikling har f\u00f8rt til opdatering af vores fl\u00e5de, der udelukkende kan k\u00f8re p\u00e5 biobr\u00e6ndstoffer.<\/p>\n     \r\n                  <a href=\"https:\/\/rohde-nielsen.com\/wp-content\/uploads\/2025\/08\/RN_Sustainability_Report_2024.pdf#page=6\" target=\"_blank\" class=\"cta-link\"> L\u00e6s mere i vores b\u00e6redygtighedsrapport<\/a>\r\n              <\/div>\r\n            <\/div>\r\n          <\/div>\r\n    <\/div>\r\n              <div class=\"tiles__item lazy\" data-bg=\"https:\/\/rohde-nielsen.com\/wp-content\/uploads\/2024\/08\/RN_UN_GOALS_14.png\" loading=\"lazy\">\r\n          <div class=\"tiles__text\">\r\n            <h3>  <\/h3>\r\n            <div class=\"desc\">\r\n              <div class=\"inner\">\r\n                <p><strong>Sustainable Development Goal 14<\/strong><br \/>\nVi gennemf\u00f8rer en grundig evaluering og planl\u00e6gningsproces for vores projekter, til beskyttelse af marine \u00f8kosystemer.<\/p>\n     \r\n                  <a href=\"https:\/\/rohde-nielsen.com\/wp-content\/uploads\/2025\/08\/RN_Sustainability_Report_2024.pdf#page=6\" target=\"_blank\" class=\"cta-link\"> L\u00e6s mere i vores b\u00e6redygtighedsrapport<\/a>\r\n              <\/div>\r\n            <\/div>\r\n          <\/div>\r\n    <\/div>\r\n        <\/div>\r\n<\/section>\n\n<section class=\"module imageAndText bgSand\">\r\n  <div class=\"container\">\r\n      <figure class=\"imageAndText__image\">\r\n      <img\r\n        class=\"lazy\"\r\n        data-src=\"https:\/\/rohde-nielsen.com\/wp-content\/uploads\/2024\/05\/workingperson.png\"\r\n                alt=\"\"\r\n      \/>\r\n    <\/figure>\r\n        <div class=\"imageAndText__text\">\r\n      <h2>Sikkerhed f\u00f8rst<\/h2>\n<p>Sikkerhed til s\u00f8s er en foruds\u00e6tning for at kunne sikre fremtiden til lands. Vores medarbejdere er ikke kun hj\u00f8rnestenen i vores succes, vi ser dem ogs\u00e5 som familie. Derfor betyder deres sikkerhed og trivsel alt. Med m\u00e5lrettet uddannelse og en st\u00e6rk sikkerhedskultur er det lykkedes os at skabe et positivt og sikkert arbejdsmilj\u00f8.<\/p>\n<p>Derudover har vi \u00f8get produktiviteten og innovationen gennem et inkluderende arbejdsmilj\u00f8, hvor mangfoldighed ses som den st\u00f8rste styrke.<\/p>\n    <\/div>\r\n  <\/div>\r\n<\/section>\n\n<section class=\"promo\">\r\n  <div class=\"promo__bg\">\r\n    <div class=\"imageBg\">\r\n      <div class=\"lazy\" data-bg=\"https:\/\/rohde-nielsen.com\/wp-content\/uploads\/2024\/05\/Hero-_-Module-5.png\"><\/div>\r\n    <\/div>\r\n    <div class=\"imageBg mobile\">\r\n      <div class=\"lazy\" data-bg=\"https:\/\/rohde-nielsen.com\/wp-content\/uploads\/2024\/05\/Capital-maintenance-mobile-2.jpg\"><\/div>\r\n    <\/div>\r\n  <\/div>\r\n  <div class=\"container\">\r\n    <div class=\"promo__text\">\r\n      <h2>Er du p\u00e5 udkig efter mere end bare en marineentrepren\u00f8r?<\/h2><p>H\u00f8r mere om vores b\u00e6redygtighedsinitativer.<\/p>\n          <a class=\"cta-link\" href=\"https:\/\/rohde-nielsen.com\/da\/kontakt\/\">Kontakt os<\/a>\r\n            <\/div>\r\n  <\/div>\r\n<\/section>","protected":false},"excerpt":{"rendered":"","protected":false},"author":5,"featured_media":0,"parent":0,"menu_order":0,"comment_status":"closed","ping_status":"closed","template":"","meta":{"_acf_changed":true,"footnotes":""},"class_list":["post-3540","page","type-page","status-publish","hentry"],"acf":[],"yoast_head":"<!-- This site is optimized with the Yoast SEO plugin v22.8 - https:\/\/yoast.com\/wordpress\/plugins\/seo\/ -->\n<title>B\u00e6redygtighed - Rohde Nielsen<\/title>\n<meta name=\"robots\" content=\"index, follow, max-snippet:-1, max-image-preview:large, max-video-preview:-1\" \/>\n<link rel=\"canonical\" href=\"https:\/\/rohde-nielsen.com\/da\/baeredygtighed\/\" \/>\n<meta property=\"og:locale\" content=\"da_DK\" \/>\n<meta property=\"og:type\" content=\"article\" \/>\n<meta property=\"og:title\" content=\"B\u00e6redygtighed - Rohde Nielsen\" \/>\n<meta property=\"og:url\" content=\"https:\/\/rohde-nielsen.com\/da\/baeredygtighed\/\" \/>\n<meta property=\"og:site_name\" content=\"Rohde Nielsen\" \/>\n<meta property=\"article:modified_time\" content=\"2026-01-07T12:56:41+00:00\" \/>\n<meta name=\"twitter:card\" content=\"summary_large_image\" \/>\n<script type=\"application\/ld+json\" class=\"yoast-schema-graph\">{\"@context\":\"https:\/\/schema.org\",\"@graph\":[{\"@type\":\"WebPage\",\"@id\":\"https:\/\/rohde-nielsen.com\/da\/baeredygtighed\/\",\"url\":\"https:\/\/rohde-nielsen.com\/da\/baeredygtighed\/\",\"name\":\"B\u00e6redygtighed - Rohde Nielsen\",\"isPartOf\":{\"@id\":\"https:\/\/rohde-nielsen.com\/da\/#website\"},\"datePublished\":\"2024-06-24T12:02:00+00:00\",\"dateModified\":\"2026-01-07T12:56:41+00:00\",\"breadcrumb\":{\"@id\":\"https:\/\/rohde-nielsen.com\/da\/baeredygtighed\/#breadcrumb\"},\"inLanguage\":\"da-DK\",\"potentialAction\":[{\"@type\":\"ReadAction\",\"target\":[\"https:\/\/rohde-nielsen.com\/da\/baeredygtighed\/\"]}]},{\"@type\":\"BreadcrumbList\",\"@id\":\"https:\/\/rohde-nielsen.com\/da\/baeredygtighed\/#breadcrumb\",\"itemListElement\":[{\"@type\":\"ListItem\",\"position\":1,\"name\":\"Hjem\",\"item\":\"https:\/\/rohde-nielsen.com\/da\/\"},{\"@type\":\"ListItem\",\"position\":2,\"name\":\"B\u00e6redygtighed\"}]},{\"@type\":\"WebSite\",\"@id\":\"https:\/\/rohde-nielsen.com\/da\/#website\",\"url\":\"https:\/\/rohde-nielsen.com\/da\/\",\"name\":\"Rohde Nielsen\",\"description\":\"\",\"publisher\":{\"@id\":\"https:\/\/rohde-nielsen.com\/da\/#organization\"},\"potentialAction\":[{\"@type\":\"SearchAction\",\"target\":{\"@type\":\"EntryPoint\",\"urlTemplate\":\"https:\/\/rohde-nielsen.com\/da\/?s={search_term_string}\"},\"query-input\":\"required name=search_term_string\"}],\"inLanguage\":\"da-DK\"},{\"@type\":\"Organization\",\"@id\":\"https:\/\/rohde-nielsen.com\/da\/#organization\",\"name\":\"Rohde Nielsen\",\"url\":\"https:\/\/rohde-nielsen.com\/da\/\",\"logo\":{\"@type\":\"ImageObject\",\"inLanguage\":\"da-DK\",\"@id\":\"https:\/\/rohde-nielsen.com\/da\/#\/schema\/logo\/image\/\",\"url\":\"https:\/\/rohde-nielsen.com\/wp-content\/uploads\/2024\/05\/rohde.svg\",\"contentUrl\":\"https:\/\/rohde-nielsen.com\/wp-content\/uploads\/2024\/05\/rohde.svg\",\"caption\":\"Rohde Nielsen\"},\"image\":{\"@id\":\"https:\/\/rohde-nielsen.com\/da\/#\/schema\/logo\/image\/\"}}]}<\/script>\n<!-- \/ Yoast SEO plugin. -->","yoast_head_json":{"title":"B\u00e6redygtighed - Rohde Nielsen","robots":{"index":"index","follow":"follow","max-snippet":"max-snippet:-1","max-image-preview":"max-image-preview:large","max-video-preview":"max-video-preview:-1"},"canonical":"https:\/\/rohde-nielsen.com\/da\/baeredygtighed\/","og_locale":"da_DK","og_type":"article","og_title":"B\u00e6redygtighed - Rohde Nielsen","og_url":"https:\/\/rohde-nielsen.com\/da\/baeredygtighed\/","og_site_name":"Rohde Nielsen","article_modified_time":"2026-01-07T12:56:41+00:00","twitter_card":"summary_large_image","schema":{"@context":"https:\/\/schema.org","@graph":[{"@type":"WebPage","@id":"https:\/\/rohde-nielsen.com\/da\/baeredygtighed\/","url":"https:\/\/rohde-nielsen.com\/da\/baeredygtighed\/","name":"B\u00e6redygtighed - Rohde Nielsen","isPartOf":{"@id":"https:\/\/rohde-nielsen.com\/da\/#website"},"datePublished":"2024-06-24T12:02:00+00:00","dateModified":"2026-01-07T12:56:41+00:00","breadcrumb":{"@id":"https:\/\/rohde-nielsen.com\/da\/baeredygtighed\/#breadcrumb"},"inLanguage":"da-DK","potentialAction":[{"@type":"ReadAction","target":["https:\/\/rohde-nielsen.com\/da\/baeredygtighed\/"]}]},{"@type":"BreadcrumbList","@id":"https:\/\/rohde-nielsen.com\/da\/baeredygtighed\/#breadcrumb","itemListElement":[{"@type":"ListItem","position":1,"name":"Hjem","item":"https:\/\/rohde-nielsen.com\/da\/"},{"@type":"ListItem","position":2,"name":"B\u00e6redygtighed"}]},{"@type":"WebSite","@id":"https:\/\/rohde-nielsen.com\/da\/#website","url":"https:\/\/rohde-nielsen.com\/da\/","name":"Rohde Nielsen","description":"","publisher":{"@id":"https:\/\/rohde-nielsen.com\/da\/#organization"},"potentialAction":[{"@type":"SearchAction","target":{"@type":"EntryPoint","urlTemplate":"https:\/\/rohde-nielsen.com\/da\/?s={search_term_string}"},"query-input":"required name=search_term_string"}],"inLanguage":"da-DK"},{"@type":"Organization","@id":"https:\/\/rohde-nielsen.com\/da\/#organization","name":"Rohde Nielsen","url":"https:\/\/rohde-nielsen.com\/da\/","logo":{"@type":"ImageObject","inLanguage":"da-DK","@id":"https:\/\/rohde-nielsen.com\/da\/#\/schema\/logo\/image\/","url":"https:\/\/rohde-nielsen.com\/wp-content\/uploads\/2024\/05\/rohde.svg","contentUrl":"https:\/\/rohde-nielsen.com\/wp-content\/uploads\/2024\/05\/rohde.svg","caption":"Rohde Nielsen"},"image":{"@id":"https:\/\/rohde-nielsen.com\/da\/#\/schema\/logo\/image\/"}}]}},"_links":{"self":[{"href":"https:\/\/rohde-nielsen.com\/da\/wp-json\/wp\/v2\/pages\/3540","targetHints":{"allow":["GET"]}}],"collection":[{"href":"https:\/\/rohde-nielsen.com\/da\/wp-json\/wp\/v2\/pages"}],"about":[{"href":"https:\/\/rohde-nielsen.com\/da\/wp-json\/wp\/v2\/types\/page"}],"author":[{"embeddable":true,"href":"https:\/\/rohde-nielsen.com\/da\/wp-json\/wp\/v2\/users\/5"}],"replies":[{"embeddable":true,"href":"https:\/\/rohde-nielsen.com\/da\/wp-json\/wp\/v2\/comments?post=3540"}],"version-history":[{"count":0,"href":"https:\/\/rohde-nielsen.com\/da\/wp-json\/wp\/v2\/pages\/3540\/revisions"}],"wp:attachment":[{"href":"https:\/\/rohde-nielsen.com\/da\/wp-json\/wp\/v2\/media?parent=3540"}],"curies":[{"name":"wp","href":"https:\/\/api.w.org\/{rel}","templated":true}]}}