{"id":4198,"date":"2025-11-19T08:06:43","date_gmt":"2025-11-19T08:06:43","guid":{"rendered":"https:\/\/rohde-nielsen.com\/?page_id=4198"},"modified":"2025-11-19T08:09:44","modified_gmt":"2025-11-19T08:09:44","slug":"oversigt-over-fladen","status":"publish","type":"page","link":"https:\/\/rohde-nielsen.com\/da\/oversigt-over-fladen\/","title":{"rendered":"Oversigt over fl\u00e5den"},"content":{"rendered":"<section class=\"hero \">\r\n  <div class=\"hero__bg\" \r\n    id=\"herovideo\"\r\n    data-video-id=\"\">\r\n    <div class=\"imageBg\">\r\n      <div class=\"lazy\" data-bg=\"https:\/\/rohde-nielsen.com\/wp-content\/uploads\/2025\/08\/Njord_R_ULEV_GRID_DESKTOP.jpg\"><\/div>\r\n    <\/div>\r\n    <div class=\"imageBg mobile\">\r\n      <div class=\"lazy\" data-bg=\"https:\/\/rohde-nielsen.com\/wp-content\/uploads\/2025\/08\/Njord_R_ULEV_GRID_MOBILE-1.jpg\"><\/div>\r\n    <\/div>\r\n  <\/div>\r\n  <div class=\"container\">\r\n    <div class=\"hero__text hero__text--right\">\r\n      <div>\r\n        <h1>Vores fl\u00e5de<\/h1><p class=\"hero__description\">Rohde Nielsen runs a modern fleet of specialised and versatile vessels operating all over the world. Whether your project is close to shore, on shallow water, or offshore, we are capable of delivering on your ambitions with a broad variety of vessels equipped with the latest technology.<\/p>      <\/div>\r\n    <\/div>\r\n    <button class=\"scroll\">Rul<\/button>\r\n  <\/div>\r\n<\/section>\r\n<section\r\n  class=\"module textContent \r\n  smallerLeftText\">\r\n  <div class=\"container slim\">\r\n        <div class=\"text\">\r\n      <h2>One fleet for all projects<\/h2>\n    <\/div>\r\n    <div class=\"text\"><p>Regardless of location, conditions and operational requirements, Rohde Nielsen has a strong organisation and the necessary vessels to get the job done right, on time, and with care for the environment we work in.<\/p>\n<p>Our highly manoeuvrable vessels with shallow draught are capable of working close to the shore. Because some have been modified and strengthened, and they all have the most sophisticated technology on board, our vessels can operate in the most challenging conditions.<\/p>\n<p>Superior technical solutions, a well-maintained and highly reliable fleet, and strict control of logistics are key factors enabling the very dedicated staff and seafarers to meet operational deadlines on time &#8211; and within budget.<\/p>\n<\/div>  <\/div>\r\n<\/section><section class=\"module tiles\">\r\n  \r\n  <div class=\"tiles__container tiles--four-col\">\r\n    <div class=\"tiles__item\">\r\n      <div class=\"tiles__introText\">\r\n                <h3>Powerful and reliable vessels<\/h3>\r\n        <p>Dyk ned i vores fl\u00e5de og udforsk, hvordan den kan f\u00e5 dit job gjort.<\/p>\n      <\/div>\r\n    <\/div>\r\n            <div class=\"tiles__item lazy\" data-bg=\"https:\/\/rohde-nielsen.com\/wp-content\/uploads\/2024\/05\/Activity_Thumbnail_Hopper_and_grab_dredger@2x.png\" loading=\"lazy\">\r\n          <div class=\"tiles__text\">\r\n            <h3>Hopper and Grab Dredgers<\/h3>\r\n            <div class=\"desc\">\r\n              <div class=\"inner\">\r\n                <p>Our wide range of Hopper and Grab Dredgers are tailored to accommodate specific requirements.<\/p>\n     \r\n                  <a href=\"https:\/\/rohde-nielsen.com\/fleet\/hopper-and-grab-dredgers\/\"  class=\"cta-link\">L\u00e6r mere<\/a>\r\n              <\/div>\r\n            <\/div>\r\n          <\/div>\r\n    <\/div>\r\n              <div class=\"tiles__item lazy\" data-bg=\"https:\/\/rohde-nielsen.com\/wp-content\/uploads\/2024\/05\/Activity_Thumbnail_Multi-purpose-vessels@2x.png\" loading=\"lazy\">\r\n          <div class=\"tiles__text\">\r\n            <h3>Fart\u00f8jer til flere form\u00e5l<\/h3>\r\n            <div class=\"desc\">\r\n              <div class=\"inner\">\r\n                <p>Powerful grab dredgers and rock installation vessels, specifically tailored for trenching and other seabed preparations and reinstatement works.<\/p>\n     \r\n                  <a href=\"https:\/\/rohde-nielsen.com\/fleet\/multi-purpose-vessels\/\"  class=\"cta-link\">L\u00e6r mere<\/a>\r\n              <\/div>\r\n            <\/div>\r\n          <\/div>\r\n    <\/div>\r\n              <div class=\"tiles__item lazy\" data-bg=\"https:\/\/rohde-nielsen.com\/wp-content\/uploads\/2024\/05\/Activity_Thumbnail_Backhoe-dredger@2x.png\" loading=\"lazy\">\r\n          <div class=\"tiles__text\">\r\n            <h3>Gravemaskiner med rendegraver<\/h3>\r\n            <div class=\"desc\">\r\n              <div class=\"inner\">\r\n                <p>Backhoe Dredgers are powerful and very efficient production units working in environmentally responsible ways.<\/p>\n     \r\n                  <a href=\"https:\/\/rohde-nielsen.com\/fleet\/backhoe-dredgers\/\"  class=\"cta-link\">L\u00e6r mere<\/a>\r\n              <\/div>\r\n            <\/div>\r\n          <\/div>\r\n    <\/div>\r\n              <div class=\"tiles__item lazy\" data-bg=\"https:\/\/rohde-nielsen.com\/wp-content\/uploads\/2024\/05\/Activity_Thumbnail_Bucket-dredger@2x.png\" loading=\"lazy\">\r\n          <div class=\"tiles__text\">\r\n            <h3>Skrabere med skovl<\/h3>\r\n            <div class=\"desc\">\r\n              <div class=\"inner\">\r\n                <p>Our Bucket Dredgers meet strict environmental parameters, which include high accuracy with low turbidity.<\/p>\n     \r\n                  <a href=\"https:\/\/rohde-nielsen.com\/fleet\/bucket-dredgers\/\"  class=\"cta-link\">L\u00e6r mere<\/a>\r\n              <\/div>\r\n            <\/div>\r\n          <\/div>\r\n    <\/div>\r\n              <div class=\"tiles__item lazy\" data-bg=\"https:\/\/rohde-nielsen.com\/wp-content\/uploads\/2024\/05\/Activity_Thumbnail_Hopper@2x.png\" loading=\"lazy\">\r\n          <div class=\"tiles__text\">\r\n            <h3>Bunkerpramme<\/h3>\r\n            <div class=\"desc\">\r\n              <div class=\"inner\">\r\n                <p>Our Hopper Barges can be used in a wide range of projects and provide a continued and effective service to any stationary dredger.<\/p>\n     \r\n                  <a href=\"https:\/\/rohde-nielsen.com\/fleet\/hopper-barges\/\"  class=\"cta-link\">L\u00e6r mere<\/a>\r\n              <\/div>\r\n            <\/div>\r\n          <\/div>\r\n    <\/div>\r\n              <div class=\"tiles__item lazy\" data-bg=\"https:\/\/rohde-nielsen.com\/wp-content\/uploads\/2024\/05\/Activity_Thumbnail_Barge-unloaders@2x.png\" loading=\"lazy\">\r\n          <div class=\"tiles__text\">\r\n            <h3>Lastb\u00e5deafl\u00e6sere<\/h3>\r\n            <div class=\"desc\">\r\n              <div class=\"inner\">\r\n                <p>We offer several shore and offshore possibilities for pumping materials ashore.<\/p>\n     \r\n                  <a href=\"https:\/\/rohde-nielsen.com\/fleet\/barges-unloaders\/\"  class=\"cta-link\">L\u00e6r mere<\/a>\r\n              <\/div>\r\n            <\/div>\r\n          <\/div>\r\n    <\/div>\r\n              <div class=\"tiles__item lazy\" data-bg=\"https:\/\/rohde-nielsen.com\/wp-content\/uploads\/2024\/05\/Activity_Thumbnail_Tug-boats@2x.png\" loading=\"lazy\">\r\n          <div class=\"tiles__text\">\r\n            <h3>Tug and Survey Vessels<\/h3>\r\n            <div class=\"desc\">\r\n              <div class=\"inner\">\r\n                <p>A wide range of tug and survey vessels to support effective towing, detailed surveying, and precise operations.<\/p>\n     \r\n                  <a href=\"https:\/\/rohde-nielsen.com\/fleet\/tug-and-survey-vessels\/\"  class=\"cta-link\">L\u00e6r mere<\/a>\r\n              <\/div>\r\n            <\/div>\r\n          <\/div>\r\n    <\/div>\r\n        <\/div>\r\n<\/section><section class=\"module imageAndText bgHvid\">\r\n  <div class=\"container\">\r\n      <figure class=\"imageAndText__image\">\r\n      <img\r\n        class=\"lazy\"\r\n        data-src=\"https:\/\/rohde-nielsen.com\/wp-content\/uploads\/2024\/05\/workingman.png\"\r\n                alt=\"\"\r\n      \/>\r\n    <\/figure>\r\n        <div class=\"imageAndText__text\">\r\n      <h2>A shipyard in our own backyard<\/h2>\n<p>With our own repair yard and a logistics center located in Grenaa, Denmark, we can support our fleet anytime, anywhere, to uphold efficiency, minimise operational downtime, and meet the needs of our clients.<\/p>\n    <\/div>\r\n  <\/div>\r\n<\/section><section class=\"module breaker \">\r\n  <h2>Featured projects worldwide<\/h2>  <lottie-player\r\n    id=\"69f5122eb1e8b\"\r\n    src=\"https:\/\/rohde-nielsen.com\/wp-content\/uploads\/2024\/08\/RN_2024_CP03_Web-design_Map_1921x987_v0185.json\"\r\n    background=\"transparent\"\r\n    speed=\"1\"\r\n    class=\"lottie\"\r\n    loop    autoplay\r\n  >\r\n  <\/lottie-player>\r\n<\/section><section class=\"module tiles\">\r\n  \r\n  <div class=\"tiles__container \">\r\n    <div class=\"tiles__item\">\r\n      <div class=\"tiles__introText\">\r\n                <h3>Din foretrukne marineentrepren\u00f8r<\/h3>\r\n        <p>We strive to retain our position as one of the largest dredging and marine contractors in Europe and to be a preferred partner in projects worldwide.<\/p>\n      <\/div>\r\n    <\/div>\r\n            <div class=\"tiles__item lazy\" data-bg=\"https:\/\/rohde-nielsen.com\/wp-content\/uploads\/2024\/05\/Visual12_Hopper_Grab_Dredgers.jpg\" loading=\"lazy\">\r\n          <div class=\"tiles__text\">\r\n            <h3>Coastal Protection<\/h3>\r\n            <div class=\"desc\">\r\n              <div class=\"inner\">\r\n                <p>Creating, preserving, and restoring coastlines and beaches to protect life along the coast. <\/p>\n     \r\n                  <a href=\"https:\/\/rohde-nielsen.com\/activities\/coastal-protection\/\"  class=\"cta-link\">Learn more<\/a>\r\n              <\/div>\r\n            <\/div>\r\n          <\/div>\r\n    <\/div>\r\n              <div class=\"tiles__item lazy\" data-bg=\"https:\/\/rohde-nielsen.com\/wp-content\/uploads\/2024\/05\/projects-hero-scaled-e1714999584713.jpg\" loading=\"lazy\">\r\n          <div class=\"tiles__text\">\r\n            <h3>Genindvinding af jord<\/h3>\r\n            <div class=\"desc\">\r\n              <div class=\"inner\">\r\n                <p>Building a safe foundation for future cities and global industry.<\/p>\n     \r\n                  <a href=\"https:\/\/rohde-nielsen.com\/activities\/land-reclamation\/\"  class=\"cta-link\">Learn more<\/a>\r\n              <\/div>\r\n            <\/div>\r\n          <\/div>\r\n    <\/div>\r\n              <div class=\"tiles__item lazy\" data-bg=\"https:\/\/rohde-nielsen.com\/wp-content\/uploads\/2024\/05\/Capital_maintenance_dredging-hero-scaled.jpg\" loading=\"lazy\">\r\n          <div class=\"tiles__text\">\r\n            <h3>Kapital- og vedligeholdelsesuddybning<\/h3>\r\n            <div class=\"desc\">\r\n              <div class=\"inner\">\r\n                <p>Vi udvikler og vedligeholder vandveje globalt for at underst\u00f8tte morgendagens \u00f8konomiske v\u00e6kst og handel til s\u00f8s.<\/p>\n     \r\n                  <a href=\"https:\/\/rohde-nielsen.com\/activities\/capital-and-maintenance-dredging\/\"  class=\"cta-link\">Learn more<\/a>\r\n              <\/div>\r\n            <\/div>\r\n          <\/div>\r\n    <\/div>\r\n              <div class=\"tiles__item lazy\" data-bg=\"https:\/\/rohde-nielsen.com\/wp-content\/uploads\/2024\/05\/Offshore-services_hero-scaled.jpg\" loading=\"lazy\">\r\n          <div class=\"tiles__text\">\r\n            <h3>Offshore-tjenester<\/h3>\r\n            <div class=\"desc\">\r\n              <div class=\"inner\">\r\n                <p>From landfalls and trenching to seabed preparation and rock installation, we work with operational accuracy to safely bring power ashore.<\/p>\n     \r\n                  <a href=\"https:\/\/rohde-nielsen.com\/activities\/offshore-services\/\"  class=\"cta-link\">Learn more<\/a>\r\n              <\/div>\r\n            <\/div>\r\n          <\/div>\r\n    <\/div>\r\n              <div class=\"tiles__item lazy\" data-bg=\"https:\/\/rohde-nielsen.com\/wp-content\/uploads\/2024\/08\/Port-Development-v2-hero.jpg\" loading=\"lazy\">\r\n          <div class=\"tiles__text\">\r\n            <h3>Udvikling af havnen  <\/h3>\r\n            <div class=\"desc\">\r\n              <div class=\"inner\">\r\n                <p>Bidrager til udvikling og udvidelse af havne og sejlrender globalt.<\/p>\n     \r\n                  <a href=\"https:\/\/rohde-nielsen.com\/activities\/port-development\/\"  class=\"cta-link\">Learn more<\/a>\r\n              <\/div>\r\n            <\/div>\r\n          <\/div>\r\n    <\/div>\r\n        <\/div>\r\n<\/section><section class=\"promo\">\r\n  <div class=\"promo__bg\">\r\n    <div class=\"imageBg\">\r\n      <div class=\"lazy\" data-bg=\"https:\/\/rohde-nielsen.com\/wp-content\/uploads\/2024\/05\/promo1.jpg\"><\/div>\r\n    <\/div>\r\n    <div class=\"imageBg mobile\">\r\n      <div class=\"lazy\" data-bg=\"https:\/\/rohde-nielsen.com\/wp-content\/uploads\/2024\/05\/Promo-_-Module-_-Contact@2x.jpg\"><\/div>\r\n    <\/div>\r\n  <\/div>\r\n  <div class=\"container\">\r\n    <div class=\"promo__text\">\r\n      <h2>Tal med os om dit n\u00e6ste projekt<\/h2><p>If you would like to know more about us and our fleet,<br \/>\nyou know where to find us. At sea, Safeguarding Tomorrow.\u00a0<\/p>\n          <a class=\"cta-link\" href=\"https:\/\/rohde-nielsen.com\/contact\/\">Tag kontakt til os<\/a>\r\n            <\/div>\r\n  <\/div>\r\n<\/section>","protected":false},"excerpt":{"rendered":"","protected":false},"author":2,"featured_media":0,"parent":0,"menu_order":0,"comment_status":"closed","ping_status":"closed","template":"","meta":{"_acf_changed":true,"footnotes":""},"class_list":["post-4198","page","type-page","status-publish","hentry"],"acf":[],"yoast_head":"<!-- This site is optimized with the Yoast SEO plugin v22.8 - https:\/\/yoast.com\/wordpress\/plugins\/seo\/ -->\n<title>Oversigt over fl\u00e5den - Rohde Nielsen<\/title>\n<meta name=\"robots\" content=\"index, follow, max-snippet:-1, max-image-preview:large, max-video-preview:-1\" \/>\n<link rel=\"canonical\" href=\"https:\/\/rohde-nielsen.com\/da\/oversigt-over-fladen\/\" \/>\n<meta property=\"og:locale\" content=\"da_DK\" \/>\n<meta property=\"og:type\" content=\"article\" \/>\n<meta property=\"og:title\" content=\"Oversigt over fl\u00e5den - Rohde Nielsen\" \/>\n<meta property=\"og:url\" content=\"https:\/\/rohde-nielsen.com\/da\/oversigt-over-fladen\/\" \/>\n<meta property=\"og:site_name\" content=\"Rohde Nielsen\" \/>\n<meta property=\"article:modified_time\" content=\"2025-11-19T08:09:44+00:00\" \/>\n<meta name=\"twitter:card\" content=\"summary_large_image\" \/>\n<script type=\"application\/ld+json\" class=\"yoast-schema-graph\">{\"@context\":\"https:\/\/schema.org\",\"@graph\":[{\"@type\":\"WebPage\",\"@id\":\"https:\/\/rohde-nielsen.com\/da\/oversigt-over-fladen\/\",\"url\":\"https:\/\/rohde-nielsen.com\/da\/oversigt-over-fladen\/\",\"name\":\"Oversigt over fl\u00e5den - Rohde Nielsen\",\"isPartOf\":{\"@id\":\"https:\/\/rohde-nielsen.com\/da\/#website\"},\"datePublished\":\"2025-11-19T08:06:43+00:00\",\"dateModified\":\"2025-11-19T08:09:44+00:00\",\"breadcrumb\":{\"@id\":\"https:\/\/rohde-nielsen.com\/da\/oversigt-over-fladen\/#breadcrumb\"},\"inLanguage\":\"da-DK\",\"potentialAction\":[{\"@type\":\"ReadAction\",\"target\":[\"https:\/\/rohde-nielsen.com\/da\/oversigt-over-fladen\/\"]}]},{\"@type\":\"BreadcrumbList\",\"@id\":\"https:\/\/rohde-nielsen.com\/da\/oversigt-over-fladen\/#breadcrumb\",\"itemListElement\":[{\"@type\":\"ListItem\",\"position\":1,\"name\":\"Hjem\",\"item\":\"https:\/\/rohde-nielsen.com\/da\/\"},{\"@type\":\"ListItem\",\"position\":2,\"name\":\"Oversigt over fl\u00e5den\"}]},{\"@type\":\"WebSite\",\"@id\":\"https:\/\/rohde-nielsen.com\/da\/#website\",\"url\":\"https:\/\/rohde-nielsen.com\/da\/\",\"name\":\"Rohde Nielsen\",\"description\":\"\",\"publisher\":{\"@id\":\"https:\/\/rohde-nielsen.com\/da\/#organization\"},\"potentialAction\":[{\"@type\":\"SearchAction\",\"target\":{\"@type\":\"EntryPoint\",\"urlTemplate\":\"https:\/\/rohde-nielsen.com\/da\/?s={search_term_string}\"},\"query-input\":\"required name=search_term_string\"}],\"inLanguage\":\"da-DK\"},{\"@type\":\"Organization\",\"@id\":\"https:\/\/rohde-nielsen.com\/da\/#organization\",\"name\":\"Rohde Nielsen\",\"url\":\"https:\/\/rohde-nielsen.com\/da\/\",\"logo\":{\"@type\":\"ImageObject\",\"inLanguage\":\"da-DK\",\"@id\":\"https:\/\/rohde-nielsen.com\/da\/#\/schema\/logo\/image\/\",\"url\":\"https:\/\/rohde-nielsen.com\/wp-content\/uploads\/2024\/05\/rohde.svg\",\"contentUrl\":\"https:\/\/rohde-nielsen.com\/wp-content\/uploads\/2024\/05\/rohde.svg\",\"caption\":\"Rohde Nielsen\"},\"image\":{\"@id\":\"https:\/\/rohde-nielsen.com\/da\/#\/schema\/logo\/image\/\"}}]}<\/script>\n<!-- \/ Yoast SEO plugin. -->","yoast_head_json":{"title":"Oversigt over fl\u00e5den - Rohde Nielsen","robots":{"index":"index","follow":"follow","max-snippet":"max-snippet:-1","max-image-preview":"max-image-preview:large","max-video-preview":"max-video-preview:-1"},"canonical":"https:\/\/rohde-nielsen.com\/da\/oversigt-over-fladen\/","og_locale":"da_DK","og_type":"article","og_title":"Oversigt over fl\u00e5den - Rohde Nielsen","og_url":"https:\/\/rohde-nielsen.com\/da\/oversigt-over-fladen\/","og_site_name":"Rohde Nielsen","article_modified_time":"2025-11-19T08:09:44+00:00","twitter_card":"summary_large_image","schema":{"@context":"https:\/\/schema.org","@graph":[{"@type":"WebPage","@id":"https:\/\/rohde-nielsen.com\/da\/oversigt-over-fladen\/","url":"https:\/\/rohde-nielsen.com\/da\/oversigt-over-fladen\/","name":"Oversigt over fl\u00e5den - Rohde Nielsen","isPartOf":{"@id":"https:\/\/rohde-nielsen.com\/da\/#website"},"datePublished":"2025-11-19T08:06:43+00:00","dateModified":"2025-11-19T08:09:44+00:00","breadcrumb":{"@id":"https:\/\/rohde-nielsen.com\/da\/oversigt-over-fladen\/#breadcrumb"},"inLanguage":"da-DK","potentialAction":[{"@type":"ReadAction","target":["https:\/\/rohde-nielsen.com\/da\/oversigt-over-fladen\/"]}]},{"@type":"BreadcrumbList","@id":"https:\/\/rohde-nielsen.com\/da\/oversigt-over-fladen\/#breadcrumb","itemListElement":[{"@type":"ListItem","position":1,"name":"Hjem","item":"https:\/\/rohde-nielsen.com\/da\/"},{"@type":"ListItem","position":2,"name":"Oversigt over fl\u00e5den"}]},{"@type":"WebSite","@id":"https:\/\/rohde-nielsen.com\/da\/#website","url":"https:\/\/rohde-nielsen.com\/da\/","name":"Rohde Nielsen","description":"","publisher":{"@id":"https:\/\/rohde-nielsen.com\/da\/#organization"},"potentialAction":[{"@type":"SearchAction","target":{"@type":"EntryPoint","urlTemplate":"https:\/\/rohde-nielsen.com\/da\/?s={search_term_string}"},"query-input":"required name=search_term_string"}],"inLanguage":"da-DK"},{"@type":"Organization","@id":"https:\/\/rohde-nielsen.com\/da\/#organization","name":"Rohde Nielsen","url":"https:\/\/rohde-nielsen.com\/da\/","logo":{"@type":"ImageObject","inLanguage":"da-DK","@id":"https:\/\/rohde-nielsen.com\/da\/#\/schema\/logo\/image\/","url":"https:\/\/rohde-nielsen.com\/wp-content\/uploads\/2024\/05\/rohde.svg","contentUrl":"https:\/\/rohde-nielsen.com\/wp-content\/uploads\/2024\/05\/rohde.svg","caption":"Rohde Nielsen"},"image":{"@id":"https:\/\/rohde-nielsen.com\/da\/#\/schema\/logo\/image\/"}}]}},"_links":{"self":[{"href":"https:\/\/rohde-nielsen.com\/da\/wp-json\/wp\/v2\/pages\/4198","targetHints":{"allow":["GET"]}}],"collection":[{"href":"https:\/\/rohde-nielsen.com\/da\/wp-json\/wp\/v2\/pages"}],"about":[{"href":"https:\/\/rohde-nielsen.com\/da\/wp-json\/wp\/v2\/types\/page"}],"author":[{"embeddable":true,"href":"https:\/\/rohde-nielsen.com\/da\/wp-json\/wp\/v2\/users\/2"}],"replies":[{"embeddable":true,"href":"https:\/\/rohde-nielsen.com\/da\/wp-json\/wp\/v2\/comments?post=4198"}],"version-history":[{"count":0,"href":"https:\/\/rohde-nielsen.com\/da\/wp-json\/wp\/v2\/pages\/4198\/revisions"}],"wp:attachment":[{"href":"https:\/\/rohde-nielsen.com\/da\/wp-json\/wp\/v2\/media?parent=4198"}],"curies":[{"name":"wp","href":"https:\/\/api.w.org\/{rel}","templated":true}]}}